{"id":28347,"date":"2026-03-05T13:50:18","date_gmt":"2026-03-05T11:50:18","guid":{"rendered":"https:\/\/makeupatelier.ee\/pood\/product\/pastel-lacquer-blush-lips\/"},"modified":"2026-03-07T02:00:12","modified_gmt":"2026-03-07T00:00:12","slug":"pastel-lacquer-blush-lips","status":"publish","type":"product","link":"https:\/\/makeupatelier.ee\/pood\/product\/pastel-lacquer-blush-lips\/","title":{"rendered":"Pastel Lacquer Blush &amp; Lips"},"content":{"rendered":"","protected":false},"excerpt":{"rendered":"<p>Vedel p\u00f5sepuna p\u00f5skedele ja huultele.<br \/>\nKerge ja siidine tekstuur v\u00f5imaldab luua \u00f5rna, loomuliku ja pooll\u00e4bipaistva p\u00f5sepuna efekti, mis sulandub nahaga kaunilt.<\/p>\n<p>Toote koostises olevad s\u00fcnteetilised \u00f5lid aitavad nahka pehmendada ja niisutada, j\u00e4ttes naha mugavalt hooldatud tundega.<\/p>\n<p>Omadused:<br \/>\nKreemjas ja kergesti hajutatav tekstuur<br \/>\nKauap\u00fcsiv ja veekindel koostis<br \/>\nVastupidav higile, kuumusele ja rasule<br \/>\nLoomulik ja \u00f5rn tulemus<\/p>\n<p>Kogus: 15 ml<\/p>\n","protected":false},"featured_media":28346,"comment_status":"open","ping_status":"closed","template":"","meta":[],"product_cat":[196],"product_tag":[],"class_list":{"0":"post-28347","1":"product","2":"type-product","3":"status-publish","4":"has-post-thumbnail","6":"product_cat-posepunad","8":"first","9":"instock","10":"taxable","11":"shipping-taxable","12":"purchasable","13":"product-type-variable"},"aioseo_notices":[],"_links":{"self":[{"href":"https:\/\/makeupatelier.ee\/pood\/wp-json\/wp\/v2\/product\/28347","targetHints":{"allow":["GET"]}}],"collection":[{"href":"https:\/\/makeupatelier.ee\/pood\/wp-json\/wp\/v2\/product"}],"about":[{"href":"https:\/\/makeupatelier.ee\/pood\/wp-json\/wp\/v2\/types\/product"}],"replies":[{"embeddable":true,"href":"https:\/\/makeupatelier.ee\/pood\/wp-json\/wp\/v2\/comments?post=28347"}],"wp:featuredmedia":[{"embeddable":true,"href":"https:\/\/makeupatelier.ee\/pood\/wp-json\/wp\/v2\/media\/28346"}],"wp:attachment":[{"href":"https:\/\/makeupatelier.ee\/pood\/wp-json\/wp\/v2\/media?parent=28347"}],"wp:term":[{"taxonomy":"product_cat","embeddable":true,"href":"https:\/\/makeupatelier.ee\/pood\/wp-json\/wp\/v2\/product_cat?post=28347"},{"taxonomy":"product_tag","embeddable":true,"href":"https:\/\/makeupatelier.ee\/pood\/wp-json\/wp\/v2\/product_tag?post=28347"}],"curies":[{"name":"wp","href":"https:\/\/api.w.org\/{rel}","templated":true}]}}