{"id":28275,"date":"2026-02-26T14:00:35","date_gmt":"2026-02-26T12:00:35","guid":{"rendered":"https:\/\/makeupatelier.ee\/pood\/product\/huulepulk\/"},"modified":"2026-02-26T15:30:50","modified_gmt":"2026-02-26T13:30:50","slug":"huulepulk","status":"publish","type":"product","link":"https:\/\/makeupatelier.ee\/pood\/product\/huulepulk\/","title":{"rendered":"Huulepulk"},"content":{"rendered":"<p style=\"margin: 0px;font-size: 10.1px;line-height: normal;font-family: Arial\">RICINUS COMMUNIS\/RICINUS COMMUNIS (CASTOR),SEED OIL\/ HUILE DE RICIN,CERA ALBA\/ BEESWAX\/ CIRE D\u2019ABEILLE, CETYL LACTATE, MYRISTYL LACTATE, CARNAUBA\/COPERNICA CERIFERA (CARNAUBA) WAX,CANDELLILA CERA\/EUPHORBIA CERIFERA (CANDELILLA) WAX, BUTYROSPERMUM PARKII (SHEA BUTTER), ISODODECANE, BIS-VINYL DIMETHICONE, DIMETHICONE COPOLYMER, HELIANTHUS ANNUUS \/ JOJOBA OIL, POLYETHYLENE, PARFUM\/FRAGRANCE, TOCOPHEROL, ASCORBYL PALMITATE, BENZYL ALCOHOL, DEHYDROACETIC ACID, BHT. (+\/-)PEUT CONTENIR\/MAY CONTAIN : MICA (CI 77019), TITANIUM DIOXIDE (CI 77891),IRON OXIDES (CI 77491, CI 77492, CI 77499), BISMUTH OXYCHLORIDE (CI 77163), BLUE 1 LAKE (CI 42090), CARMINE (CI 75470), RED 6 (CI 15850), RED 6 LAKE (CI 15850), RED 7 LAKE (CI 15850), RED 21 (CI 45380),RED 28 LAKE (CI 45410), RED 30 LAKE (CI 73360),YELLOW 5 LAKE (CI 19140),RED 33 LAKE (CI 17200),YELLOW 6 LAKE (CI 15985). NOT TESTED ON ANIMALS<\/p>\n","protected":false},"excerpt":{"rendered":"<p>Hea pigmendiga matid ja s\u00e4delevad huulepulgad, mis ei m\u00e4\u00e4ri.<br \/>\nNiisutavad toonid huultele, mille pehme koostis moodustab huultele kauap\u00fcsiva kihi, muutes huuled visuaalselt vol\u00fc\u00fcmikamaks ning peites v\u00e4iksed kortsud.<br \/>\nToote koostis on rikastatud jojoba\u00f5li, sheav\u00f5i ning A ja E vitamiinidega. Kaitseb huuli UV-kiirguse, k\u00fclma ja \u00f5husaaste eest.<br \/>\nTootekood l\u00f5puga V- matid toonid.<\/p>\n<p>3,5 g<\/p>\n","protected":false},"featured_media":28274,"comment_status":"open","ping_status":"closed","template":"","meta":[],"product_cat":[191],"product_tag":[],"class_list":{"0":"post-28275","1":"product","2":"type-product","3":"status-publish","4":"has-post-thumbnail","6":"product_cat-huuled","8":"first","9":"instock","10":"taxable","11":"shipping-taxable","12":"purchasable","13":"product-type-variable"},"aioseo_notices":[],"_links":{"self":[{"href":"https:\/\/makeupatelier.ee\/pood\/wp-json\/wp\/v2\/product\/28275","targetHints":{"allow":["GET"]}}],"collection":[{"href":"https:\/\/makeupatelier.ee\/pood\/wp-json\/wp\/v2\/product"}],"about":[{"href":"https:\/\/makeupatelier.ee\/pood\/wp-json\/wp\/v2\/types\/product"}],"replies":[{"embeddable":true,"href":"https:\/\/makeupatelier.ee\/pood\/wp-json\/wp\/v2\/comments?post=28275"}],"wp:featuredmedia":[{"embeddable":true,"href":"https:\/\/makeupatelier.ee\/pood\/wp-json\/wp\/v2\/media\/28274"}],"wp:attachment":[{"href":"https:\/\/makeupatelier.ee\/pood\/wp-json\/wp\/v2\/media?parent=28275"}],"wp:term":[{"taxonomy":"product_cat","embeddable":true,"href":"https:\/\/makeupatelier.ee\/pood\/wp-json\/wp\/v2\/product_cat?post=28275"},{"taxonomy":"product_tag","embeddable":true,"href":"https:\/\/makeupatelier.ee\/pood\/wp-json\/wp\/v2\/product_tag?post=28275"}],"curies":[{"name":"wp","href":"https:\/\/api.w.org\/{rel}","templated":true}]}}