{"id":28251,"date":"2026-02-18T13:55:26","date_gmt":"2026-02-18T11:55:26","guid":{"rendered":"https:\/\/makeupatelier.ee\/pood\/product\/tolmpuuder-neutral\/"},"modified":"2026-03-05T15:20:06","modified_gmt":"2026-03-05T13:20:06","slug":"tolmpuuder-neutral","status":"publish","type":"product","link":"https:\/\/makeupatelier.ee\/pood\/product\/tolmpuuder-neutral\/","title":{"rendered":"Tolmpuuder Neutral"},"content":{"rendered":"<p><span style=\"font-family: Arial;font-size: 10.100000381469727px\">SILICA HYDRATED MAGNESIUM SILICA, NYLON 12. (+\/-)PEUT CONTENIR\/MAY CONTAIN: TITANIUM DIOXIDE (CI 77891), IRON OXIDES ( CI 77492, CI 77491,CI 77499), CHROMIUM OXIDE GREEN (CI 77288).NOT TESTED ON ANIMALS.<\/span><\/p>\n","protected":false},"excerpt":{"rendered":"<p>Tolmpuuder kinnitub h\u00e4sti nahale j\u00e4ttes loomuliku mati tulemuse. Puudri koostises olev r\u00e4nipulber imab kergesti rasu ja kaotab l\u00e4ike.<br \/>\nKanna peale puurdipadjaga ning eemalda liigne pintsliga.<\/p>\n<p>24 g<\/p>\n","protected":false},"featured_media":28250,"comment_status":"open","ping_status":"closed","template":"","meta":[],"product_cat":[195],"product_tag":[],"class_list":{"0":"post-28251","1":"product","2":"type-product","3":"status-publish","4":"has-post-thumbnail","6":"product_cat-puudrid","8":"first","9":"instock","10":"taxable","11":"shipping-taxable","12":"purchasable","13":"product-type-simple"},"aioseo_notices":[],"_links":{"self":[{"href":"https:\/\/makeupatelier.ee\/pood\/wp-json\/wp\/v2\/product\/28251","targetHints":{"allow":["GET"]}}],"collection":[{"href":"https:\/\/makeupatelier.ee\/pood\/wp-json\/wp\/v2\/product"}],"about":[{"href":"https:\/\/makeupatelier.ee\/pood\/wp-json\/wp\/v2\/types\/product"}],"replies":[{"embeddable":true,"href":"https:\/\/makeupatelier.ee\/pood\/wp-json\/wp\/v2\/comments?post=28251"}],"wp:featuredmedia":[{"embeddable":true,"href":"https:\/\/makeupatelier.ee\/pood\/wp-json\/wp\/v2\/media\/28250"}],"wp:attachment":[{"href":"https:\/\/makeupatelier.ee\/pood\/wp-json\/wp\/v2\/media?parent=28251"}],"wp:term":[{"taxonomy":"product_cat","embeddable":true,"href":"https:\/\/makeupatelier.ee\/pood\/wp-json\/wp\/v2\/product_cat?post=28251"},{"taxonomy":"product_tag","embeddable":true,"href":"https:\/\/makeupatelier.ee\/pood\/wp-json\/wp\/v2\/product_tag?post=28251"}],"curies":[{"name":"wp","href":"https:\/\/api.w.org\/{rel}","templated":true}]}}