{"id":28242,"date":"2026-02-18T12:55:23","date_gmt":"2026-02-18T10:55:23","guid":{"rendered":"https:\/\/makeupatelier.ee\/pood\/product\/silk-effect-jumestuskreem-5ml\/"},"modified":"2026-03-19T02:00:14","modified_gmt":"2026-03-19T00:00:14","slug":"silk-effect-jumestuskreem-5ml","status":"publish","type":"product","link":"https:\/\/makeupatelier.ee\/pood\/product\/silk-effect-jumestuskreem-5ml\/","title":{"rendered":"SILK EFFECT Jumestuskreem 5ml"},"content":{"rendered":"","protected":false},"excerpt":{"rendered":"<p>K\u00f5rge katvusega aga \u00f5hkuke vedel jumestuskreem siidise l\u00f5ppviimistlusega, vastupidav vee, higi ja rasu suhtes.<br \/>\n\u00d5livaba koostis, mis ei ummista poore, selle t\u00e4iuslik katvus aitab peita k\u00f5ik eba\u00fchtlused.<br \/>\nKauap\u00fcsiv: 12 tundi. Dermatoloogiliselt testitud.<br \/>\nKASUTAMISE N\u00d5UANDED: Enne kasutamist loksutada. Peale kanda pintsliga v\u00f5i niiske k\u00e4snaga eelnevalt niisutatud nahale.<\/p>\n<p>NB! Uute (sh Silk Effect) jumestuskreemide toonide koodis\u00fcsteem on muutunud! K\u00f5igi uute jumestuskreemide toonid on n\u00fc\u00fcd \u00fche tooni v\u00f5rra heledamad. Kui teil on k\u00fcsimusi tooni valiku kohta, meie klienditeenindus on alati valmis abistama!<\/p>\n<p>Kogus: 5ml<\/p>\n","protected":false},"featured_media":28269,"comment_status":"open","ping_status":"closed","template":"","meta":[],"product_cat":[193],"product_tag":[],"class_list":{"0":"post-28242","1":"product","2":"type-product","3":"status-publish","4":"has-post-thumbnail","6":"product_cat-jumestuskreemid","8":"first","9":"instock","10":"taxable","11":"shipping-taxable","12":"purchasable","13":"product-type-variable"},"aioseo_notices":[],"_links":{"self":[{"href":"https:\/\/makeupatelier.ee\/pood\/wp-json\/wp\/v2\/product\/28242","targetHints":{"allow":["GET"]}}],"collection":[{"href":"https:\/\/makeupatelier.ee\/pood\/wp-json\/wp\/v2\/product"}],"about":[{"href":"https:\/\/makeupatelier.ee\/pood\/wp-json\/wp\/v2\/types\/product"}],"replies":[{"embeddable":true,"href":"https:\/\/makeupatelier.ee\/pood\/wp-json\/wp\/v2\/comments?post=28242"}],"wp:featuredmedia":[{"embeddable":true,"href":"https:\/\/makeupatelier.ee\/pood\/wp-json\/wp\/v2\/media\/28269"}],"wp:attachment":[{"href":"https:\/\/makeupatelier.ee\/pood\/wp-json\/wp\/v2\/media?parent=28242"}],"wp:term":[{"taxonomy":"product_cat","embeddable":true,"href":"https:\/\/makeupatelier.ee\/pood\/wp-json\/wp\/v2\/product_cat?post=28242"},{"taxonomy":"product_tag","embeddable":true,"href":"https:\/\/makeupatelier.ee\/pood\/wp-json\/wp\/v2\/product_tag?post=28242"}],"curies":[{"name":"wp","href":"https:\/\/api.w.org\/{rel}","templated":true}]}}