{"id":28238,"date":"2026-02-18T12:10:11","date_gmt":"2026-02-18T10:10:11","guid":{"rendered":"https:\/\/makeupatelier.ee\/pood\/product\/pliiatsikott\/"},"modified":"2026-04-29T17:46:25","modified_gmt":"2026-04-29T14:46:25","slug":"pliiatsikott","status":"publish","type":"product","link":"https:\/\/makeupatelier.ee\/pood\/product\/pliiatsikott\/","title":{"rendered":"Pliiatsikott"},"content":{"rendered":"","protected":false},"excerpt":{"rendered":"<p>Professionaalne ja kvaliteetne Make-Up Atelier Paris pliiatsikott on ideaalne lahendus meigipliiatsite organiseerimiseks.<br \/>\nM\u00fc\u00fcgil t\u00fchjana (tooted ei kuulu komplekti).<br \/>\nKotil on neli eraldi sahtlit ning igas sahtlis 20 kummiga eraldatud hoidikut, et pliiatsid ja tarvikud p\u00fcsiks korrastatult ja kindlalt paigas.<br \/>\nM\u00f5\u00f5dud: 21x16cm<\/p>\n","protected":false},"featured_media":28237,"comment_status":"open","ping_status":"closed","template":"","meta":[],"product_cat":[215,214],"product_tag":[],"class_list":{"0":"post-28238","1":"product","2":"type-product","3":"status-publish","4":"has-post-thumbnail","6":"product_cat-kosmeetikakotid","7":"product_cat-tarvikud","9":"first","10":"instock","11":"taxable","12":"shipping-taxable","13":"purchasable","14":"product-type-simple"},"aioseo_notices":[],"_links":{"self":[{"href":"https:\/\/makeupatelier.ee\/pood\/wp-json\/wp\/v2\/product\/28238","targetHints":{"allow":["GET"]}}],"collection":[{"href":"https:\/\/makeupatelier.ee\/pood\/wp-json\/wp\/v2\/product"}],"about":[{"href":"https:\/\/makeupatelier.ee\/pood\/wp-json\/wp\/v2\/types\/product"}],"replies":[{"embeddable":true,"href":"https:\/\/makeupatelier.ee\/pood\/wp-json\/wp\/v2\/comments?post=28238"}],"wp:featuredmedia":[{"embeddable":true,"href":"https:\/\/makeupatelier.ee\/pood\/wp-json\/wp\/v2\/media\/28237"}],"wp:attachment":[{"href":"https:\/\/makeupatelier.ee\/pood\/wp-json\/wp\/v2\/media?parent=28238"}],"wp:term":[{"taxonomy":"product_cat","embeddable":true,"href":"https:\/\/makeupatelier.ee\/pood\/wp-json\/wp\/v2\/product_cat?post=28238"},{"taxonomy":"product_tag","embeddable":true,"href":"https:\/\/makeupatelier.ee\/pood\/wp-json\/wp\/v2\/product_tag?post=28238"}],"curies":[{"name":"wp","href":"https:\/\/api.w.org\/{rel}","templated":true}]}}