{"id":28230,"date":"2026-02-10T20:10:23","date_gmt":"2026-02-10T18:10:23","guid":{"rendered":"https:\/\/makeupatelier.ee\/pood\/product\/lip-balm\/"},"modified":"2026-02-19T02:00:07","modified_gmt":"2026-02-19T00:00:07","slug":"lip-balm","status":"publish","type":"product","link":"https:\/\/makeupatelier.ee\/pood\/product\/lip-balm\/","title":{"rendered":"LU\u00c9 BALM \u00d7 Valentine"},"content":{"rendered":"","protected":false},"excerpt":{"rendered":"<p>LU\u00c9 BALM \u00d7 Valentine<br \/>\nK\u00e4sitsi valmistatud luksuslik huulepalsam<br \/>\nLU\u00c9 BALM [l\u00fc balm] \u00fchendab puhta koostise ja elegantse disaini, pakkudes igap\u00e4evast hoolt, kaitset ja ilu sinu huultele.<\/p>\n<p>Toitainerikas hoolitsus<br \/>\nMagusmandli\u00f5li \u2013 s\u00fcgavniisutab ja pehmendab<br \/>\nViinamarjaseemne\u00f5li \u2013 E-vitamiin ja antioks\u00fcdandid taastavad elastsuse<br \/>\nKookosrasv \u2013 siidine tekstuur ja looduslik antibakteriaalne kaitse<br \/>\nMesilasvaha \u2013 lukustab niiskuse ja ennetab kuivust<\/p>\n<p>V\u00e4rvus &amp; maitse<br \/>\n\u00d5rna roosa tooniga, huultel l\u00e4bipaistev l\u00e4ige. Rikastatud vaarika- ja piparm\u00fcndi maitse\u00f5liga \u2013 marjane ja v\u00e4rskendav aroom iga kasutuskorra ajal.<\/p>\n<p>Laboratoorselt testitud | Pole testitud loomadel | Parabeenivaba<br \/>\nKogus: 3,8 g<\/p>\n","protected":false},"featured_media":28228,"comment_status":"open","ping_status":"closed","template":"","meta":[],"product_cat":[622],"product_tag":[],"class_list":{"0":"post-28230","1":"product","2":"type-product","3":"status-publish","4":"has-post-thumbnail","6":"product_cat-lue-balm","8":"first","9":"instock","10":"taxable","11":"shipping-taxable","12":"purchasable","13":"product-type-simple"},"aioseo_notices":[],"_links":{"self":[{"href":"https:\/\/makeupatelier.ee\/pood\/wp-json\/wp\/v2\/product\/28230","targetHints":{"allow":["GET"]}}],"collection":[{"href":"https:\/\/makeupatelier.ee\/pood\/wp-json\/wp\/v2\/product"}],"about":[{"href":"https:\/\/makeupatelier.ee\/pood\/wp-json\/wp\/v2\/types\/product"}],"replies":[{"embeddable":true,"href":"https:\/\/makeupatelier.ee\/pood\/wp-json\/wp\/v2\/comments?post=28230"}],"wp:featuredmedia":[{"embeddable":true,"href":"https:\/\/makeupatelier.ee\/pood\/wp-json\/wp\/v2\/media\/28228"}],"wp:attachment":[{"href":"https:\/\/makeupatelier.ee\/pood\/wp-json\/wp\/v2\/media?parent=28230"}],"wp:term":[{"taxonomy":"product_cat","embeddable":true,"href":"https:\/\/makeupatelier.ee\/pood\/wp-json\/wp\/v2\/product_cat?post=28230"},{"taxonomy":"product_tag","embeddable":true,"href":"https:\/\/makeupatelier.ee\/pood\/wp-json\/wp\/v2\/product_tag?post=28230"}],"curies":[{"name":"wp","href":"https:\/\/api.w.org\/{rel}","templated":true}]}}