{"id":28222,"date":"2026-02-02T10:34:02","date_gmt":"2026-02-02T08:34:02","guid":{"rendered":"https:\/\/makeupatelier.ee\/pood\/product\/bag-white\/"},"modified":"2026-02-02T12:50:04","modified_gmt":"2026-02-02T10:50:04","slug":"bag-white","status":"publish","type":"product","link":"https:\/\/makeupatelier.ee\/pood\/product\/bag-white\/","title":{"rendered":"Bag (White)"},"content":{"rendered":"","protected":false},"excerpt":{"rendered":"<p>See kvaliteetne kangast kott \u00fchendab endas praktilisuse, vastupidavuse ja keskkonnas\u00f5bralikkuse. Valmistatud puuvilla, taaskasutatud puuvilla ja taaskasutatud pol\u00fcestri segust.<br \/>\nTugev 280 g\/m\u00b2 materjal tagab koti pika kasutusea ning mahukas disain v\u00f5imaldab mugavalt kaasa v\u00f5tta k\u00f5ik vajaliku.<br \/>\nPikad 62 cm sangad teevad koti kandmise mugavaks nii \u00f5lal kui k\u00e4es.<\/p>\n<p>Omadused:<br \/>\nMaterjal: 50% puuvill, 30% taaskasutatud puuvill, 20% taaskasutatud pol\u00fcester<br \/>\nVastupidav kangas (280 g\/m\u00b2)<br \/>\nM\u00f5\u00f5dud: 500 \u00d7 370 \u00d7 120 mm<br \/>\nPikad ja mugavad 62 cm sangad<br \/>\nKeskkonnateadlik valik t\u00e4nu taaskasutatud materjalidele<\/p>\n<p>Mitmek\u00fclgne \u2013 sobib igap\u00e4evaseks kasutamiseks<\/p>\n","protected":false},"featured_media":28221,"comment_status":"open","ping_status":"closed","template":"","meta":[],"product_cat":[214],"product_tag":[],"class_list":{"0":"post-28222","1":"product","2":"type-product","3":"status-publish","4":"has-post-thumbnail","6":"product_cat-tarvikud","8":"first","9":"instock","10":"taxable","11":"shipping-taxable","12":"purchasable","13":"product-type-simple"},"aioseo_notices":[],"_links":{"self":[{"href":"https:\/\/makeupatelier.ee\/pood\/wp-json\/wp\/v2\/product\/28222","targetHints":{"allow":["GET"]}}],"collection":[{"href":"https:\/\/makeupatelier.ee\/pood\/wp-json\/wp\/v2\/product"}],"about":[{"href":"https:\/\/makeupatelier.ee\/pood\/wp-json\/wp\/v2\/types\/product"}],"replies":[{"embeddable":true,"href":"https:\/\/makeupatelier.ee\/pood\/wp-json\/wp\/v2\/comments?post=28222"}],"wp:featuredmedia":[{"embeddable":true,"href":"https:\/\/makeupatelier.ee\/pood\/wp-json\/wp\/v2\/media\/28221"}],"wp:attachment":[{"href":"https:\/\/makeupatelier.ee\/pood\/wp-json\/wp\/v2\/media?parent=28222"}],"wp:term":[{"taxonomy":"product_cat","embeddable":true,"href":"https:\/\/makeupatelier.ee\/pood\/wp-json\/wp\/v2\/product_cat?post=28222"},{"taxonomy":"product_tag","embeddable":true,"href":"https:\/\/makeupatelier.ee\/pood\/wp-json\/wp\/v2\/product_tag?post=28222"}],"curies":[{"name":"wp","href":"https:\/\/api.w.org\/{rel}","templated":true}]}}