{"id":28217,"date":"2026-01-27T09:18:58","date_gmt":"2026-01-27T07:18:58","guid":{"rendered":"https:\/\/makeupatelier.ee\/pood\/product\/stardikomplekt\/"},"modified":"2026-01-27T09:43:26","modified_gmt":"2026-01-27T07:43:26","slug":"stardikomplekt","status":"publish","type":"product","link":"https:\/\/makeupatelier.ee\/pood\/product\/stardikomplekt\/","title":{"rendered":"Stardikomplekt"},"content":{"rendered":"","protected":false},"excerpt":{"rendered":"<p>Oleme l\u00e4bim\u00f5eldult komplekteerinud \u00f5pilastele ja alustavale jumestajale kosmeetikatoodete komplekti.<br \/>\nKomplekt sisaldab:<br \/>\n-meigialuskreemi (30ml)<br \/>\n-5color peitekreemide palett (5tooni)<br \/>\n-5tooni jumestuskreeme (5ml)<br \/>\n-kinnituspuuder 24g<br \/>\n-kreemjas kontuur 4g<br \/>\n-5color cake kulmupalett (5tooni, kasutatav nii m\u00e4rjalt, kui kuivalt)<br \/>\n-12color huulepalett (12tooni)<br \/>\n&#8211; huulepliiatsit &#8220;Nude&#8221;<br \/>\n-huulepliiats &#8220;Punane&#8221;<br \/>\n-must silmapliiats<br \/>\n-5color lauv\u00e4rvipalett T05 (5tooni\/matt)<br \/>\n-l\u00e4bipaistev kosmeetikakott<\/p>\n<p>Tavahind 456\u20ac, Hind \u00f5pilasele 382\u20ac<\/p>\n","protected":false},"featured_media":28216,"comment_status":"open","ping_status":"closed","template":"","meta":[],"product_cat":[204],"product_tag":[],"class_list":{"0":"post-28217","1":"product","2":"type-product","3":"status-publish","4":"has-post-thumbnail","6":"product_cat-artistic","8":"first","9":"instock","10":"taxable","11":"shipping-taxable","12":"purchasable","13":"product-type-simple"},"aioseo_notices":[],"_links":{"self":[{"href":"https:\/\/makeupatelier.ee\/pood\/wp-json\/wp\/v2\/product\/28217","targetHints":{"allow":["GET"]}}],"collection":[{"href":"https:\/\/makeupatelier.ee\/pood\/wp-json\/wp\/v2\/product"}],"about":[{"href":"https:\/\/makeupatelier.ee\/pood\/wp-json\/wp\/v2\/types\/product"}],"replies":[{"embeddable":true,"href":"https:\/\/makeupatelier.ee\/pood\/wp-json\/wp\/v2\/comments?post=28217"}],"wp:featuredmedia":[{"embeddable":true,"href":"https:\/\/makeupatelier.ee\/pood\/wp-json\/wp\/v2\/media\/28216"}],"wp:attachment":[{"href":"https:\/\/makeupatelier.ee\/pood\/wp-json\/wp\/v2\/media?parent=28217"}],"wp:term":[{"taxonomy":"product_cat","embeddable":true,"href":"https:\/\/makeupatelier.ee\/pood\/wp-json\/wp\/v2\/product_cat?post=28217"},{"taxonomy":"product_tag","embeddable":true,"href":"https:\/\/makeupatelier.ee\/pood\/wp-json\/wp\/v2\/product_tag?post=28217"}],"curies":[{"name":"wp","href":"https:\/\/api.w.org\/{rel}","templated":true}]}}