{"id":28163,"date":"2025-11-26T10:01:55","date_gmt":"2025-11-26T08:01:55","guid":{"rendered":"https:\/\/makeupatelier.ee\/pood\/product\/lip-balm-for-men\/"},"modified":"2026-01-15T14:48:53","modified_gmt":"2026-01-15T12:48:53","slug":"lip-balm-for-men","status":"publish","type":"product","link":"https:\/\/makeupatelier.ee\/pood\/product\/lip-balm-for-men\/","title":{"rendered":"LIP BALM For Men"},"content":{"rendered":"<p><span style=\"vertical-align: baseline;margin: 0px;padding: 0px;background-image: initial;background-position: 0px 0px;background-size: initial;background-repeat: initial;background-attachment: initial;border: 0px;font-weight: bolder;, sans-serif;font-size: 15px\">Hoiatus: Hoida toodet kuumuse ja otsese p\u00e4ikesevalguse eest (UV exposure).<br \/>\nAllergiahoiatus: Sisaldab naturaalset mesilasvaha (Cera Flava), mis v\u00f5ib p\u00f5hjustada allergilist reaktsiooni mesindussaaduste suhtes tundlikel inimestel.<\/span><\/p>\n<p style=\"vertical-align: baseline;margin: 0px;padding: 0px;background-image: initial;background-position: 0px 0px;background-size: initial;background-repeat: initial;background-attachment: initial;border: 0px;, sans-serif;font-size: 15px\"><em style=\"vertical-align: baseline;margin: 0px;padding: 0px;background: 0px 0px;border: 0px\">K\u00f5ik LU\u00c9 BALM tooted on hinnatud vastavalt Euroopa Liidu kosmeetikam\u00e4\u00e4ruse n\u00f5uetele ja registreeritud ametlikus Euroopa Kosmeetikatoodete Teavituss\u00fcsteemis (Cosmetic Products Notification Portal \u2013 CPNP), mis tagab ohutu ja seadusliku m\u00fc\u00fcgi\u00f5iguse.<\/em><\/p>\n<p style=\"vertical-align: baseline;margin: 0px;padding: 0px;background-image: initial;background-position: 0px 0px;background-size: initial;background-repeat: initial;background-attachment: initial;border: 0px;, sans-serif;font-size: 15px\"><span style=\"vertical-align: baseline;margin: 0px;padding: 0px;background: 0px 0px;border: 0px;font-size: 11px\"><span style=\"vertical-align: baseline;margin: 0px;padding: 0px;background: 0px 0px;border: 0px;line-height: 18.4px\">INCI: Prunus Amygdalus Dulcis Oil,&nbsp;<\/span><span style=\"vertical-align: baseline;margin: 0px;padding: 0px;background: 0px 0px;border: 0px\">Cera Flava,&nbsp;<\/span><span style=\"vertical-align: baseline;margin: 0px;padding: 0px;background: 0px 0px;border: 0px\">Cocos Nucifera Oil,&nbsp;<\/span><span style=\"vertical-align: baseline;margin: 0px;padding: 0px;background: 0px 0px;border: 0px\">Vitis Vinifera Seed Oil,&nbsp;<\/span><span style=\"vertical-align: baseline;margin: 0px;padding: 0px;background: 0px 0px;border: 0px;color: black\">Aroma,&nbsp;<\/span><span style=\"vertical-align: baseline;margin: 0px;padding: 0px;background: 0px 0px;border: 0px\">Alpha-Isomethyl Ionone,&nbsp;<\/span><span style=\"vertical-align: baseline;margin: 0px;padding: 0px;background: 0px 0px;border: 0px\">&nbsp;<\/span><span style=\"vertical-align: baseline;margin: 0px;padding: 0px;background: 0px 0px;border: 0px\">Benzyl Alcohol,&nbsp;<\/span><span style=\"vertical-align: baseline;margin: 0px;padding: 0px;background: 0px 0px;border: 0px\">Limonene,&nbsp;<\/span><span style=\"vertical-align: baseline;margin: 0px;padding: 0px;background: 0px 0px;border: 0px\">Hexyl Cinnamal,&nbsp;<\/span><span style=\"vertical-align: baseline;margin: 0px;padding: 0px;background: 0px 0px;border: 0px;line-height: 18.4px\">Citronellol,&nbsp;<\/span><span style=\"vertical-align: baseline;margin: 0px;padding: 0px;background: 0px 0px;border: 0px;font-family: Aptos\">&nbsp;<\/span><span style=\"vertical-align: baseline;margin: 0px;padding: 0px;background: 0px 0px;border: 0px;line-height: 18.4px\">Benzyl Benzoate, Linalool, Coumarin,&nbsp;<\/span><span style=\"vertical-align: baseline;margin: 0px;padding: 0px;background: 0px 0px;border: 0px\">Geraniol<\/span><\/span><\/p>\n<p>&nbsp;<\/p>\n<div class=\"woocommerce-tabs wc-tabs-wrapper\" style=\"vertical-align: top;margin: 50px 0px 0px;padding: 0px;background-image: initial;background-position: 0px 0px;background-size: initial;background-repeat: initial;background-attachment: initial;border: 0px;position: relative;width: 1108px;, sans-serif;font-size: 15px\">\n<div aria-labelledby=\"tab-title-description\" class=\"woocommerce-Tabs-panel woocommerce-Tabs-panel--description panel entry-content wc-tab\" id=\"tab-description\" role=\"tabpanel\" style=\"vertical-align: top;margin: 29px 0px 0px;padding: 20px;background: 0px 0px;border: 0px;position: relative;width: 1108px\">\n<p style=\"vertical-align: baseline;margin: 0px;padding: 0px;background: 0px 0px;border: 0px\">&nbsp;<\/p>\n<\/div>\n<\/div>\n","protected":false},"excerpt":{"rendered":"<p>LU\u00c9 BALM For Men<\/p>\n<p>K\u00e4sitsi valmistatud luksuslik huulepalsam, mis niisutab, kaitseb ja taastab ilma liigse l\u00e4iketa.<br \/>\nSisu j\u00e4\u00e4b truuks LU\u00c9 BALM kvaliteedile \u2014 puhtad koostisosad, efektiivne tulemus.<\/p>\n<p>Miks mehed seda eelistavad:<br \/>\n\u2022 ei j\u00e4ta huuli l\u00e4ikima<br \/>\n\u2022 mugav kasutada igap\u00e4evaselt<br \/>\n\u2022 diskreetne, kuid t\u00f5hus niisutus<br \/>\n\u2022 disain, mis ei t\u00f5mba t\u00e4helepanu, kuid n\u00e4eb alati stiilne v\u00e4lja<\/p>\n<p>Koostis &amp; m\u00f5ju:<br \/>\nPuhaste \u00f5lide ja vahade segu tagab pehmuse, kaitse ja pikaajalise niisutuse. <\/p>\n<p>Maitse &amp; l\u00f5hn:<br \/>\nZERO \u2014 t\u00e4iesti maitseta ja l\u00f5hnatu, neutraalne ja maksimaalselt diskreetne.<br \/>\nMINT \u2014 maheda piparm\u00fcndiga v\u00e4rskendav versioon, \u00f5rna l\u00f5hna ja kerge jahutava tundega.<\/p>\n<p>Disain:<br \/>\nMinimalistlik matt must tuub \u2014 tugev, elegantne ja t\u00e4iesti br\u00e4ndinguvaba. Puhas, modernne v\u00e4limus, mis sobib igasse taskusse ja igasse olukorda ning toetab mehelikku igap\u00e4evastiili.<\/p>\n<p>Tulemus:<br \/>\nEi mingit s\u00e4ra \u2014 vaid terved, hoolitsetud ja loomulikud huuled.<\/p>\n<p>Laboratoorselt testitud | Pole testitud loomadel | Parabeenivaba<\/p>\n","protected":false},"featured_media":28162,"comment_status":"open","ping_status":"closed","template":"","meta":[],"product_cat":[622,15],"product_tag":[],"class_list":{"0":"post-28163","1":"product","2":"type-product","3":"status-publish","4":"has-post-thumbnail","6":"product_cat-lue-balm","7":"product_cat-uncategorized","9":"first","10":"instock","11":"taxable","12":"shipping-taxable","13":"purchasable","14":"product-type-variable"},"aioseo_notices":[],"_links":{"self":[{"href":"https:\/\/makeupatelier.ee\/pood\/wp-json\/wp\/v2\/product\/28163","targetHints":{"allow":["GET"]}}],"collection":[{"href":"https:\/\/makeupatelier.ee\/pood\/wp-json\/wp\/v2\/product"}],"about":[{"href":"https:\/\/makeupatelier.ee\/pood\/wp-json\/wp\/v2\/types\/product"}],"replies":[{"embeddable":true,"href":"https:\/\/makeupatelier.ee\/pood\/wp-json\/wp\/v2\/comments?post=28163"}],"wp:featuredmedia":[{"embeddable":true,"href":"https:\/\/makeupatelier.ee\/pood\/wp-json\/wp\/v2\/media\/28162"}],"wp:attachment":[{"href":"https:\/\/makeupatelier.ee\/pood\/wp-json\/wp\/v2\/media?parent=28163"}],"wp:term":[{"taxonomy":"product_cat","embeddable":true,"href":"https:\/\/makeupatelier.ee\/pood\/wp-json\/wp\/v2\/product_cat?post=28163"},{"taxonomy":"product_tag","embeddable":true,"href":"https:\/\/makeupatelier.ee\/pood\/wp-json\/wp\/v2\/product_tag?post=28163"}],"curies":[{"name":"wp","href":"https:\/\/api.w.org\/{rel}","templated":true}]}}