{"id":28130,"date":"2025-10-27T17:11:01","date_gmt":"2025-10-27T15:11:01","guid":{"rendered":"https:\/\/makeupatelier.ee\/pood\/product\/ghd-tupeerimishari-narrow-dressing-brush\/"},"modified":"2026-04-20T16:19:52","modified_gmt":"2026-04-20T13:19:52","slug":"ghd-tupeerimishari-narrow-dressing-brush","status":"publish","type":"product","link":"https:\/\/makeupatelier.ee\/pood\/product\/ghd-tupeerimishari-narrow-dressing-brush\/","title":{"rendered":"ghd Tupeerimishari Narrow Dressing Brush"},"content":{"rendered":"","protected":false},"excerpt":{"rendered":"<p>Kitsas ghd juuksehari on valmistatud naturaalsetest harjastest ja puidust. Paari t\u00f5mbega saab tupeerimise viimistleda ilma juuste katkemiseta. Harja m\u00fc\u00fcakse stiilses pakendis.<\/p>\n","protected":false},"featured_media":28127,"comment_status":"open","ping_status":"closed","template":"","meta":[],"product_cat":[206],"product_tag":[],"class_list":{"0":"post-28130","1":"product","2":"type-product","3":"status-publish","4":"has-post-thumbnail","6":"product_cat-harjad","8":"first","9":"instock","10":"taxable","11":"shipping-taxable","12":"purchasable","13":"product-type-simple"},"aioseo_notices":[],"_links":{"self":[{"href":"https:\/\/makeupatelier.ee\/pood\/wp-json\/wp\/v2\/product\/28130","targetHints":{"allow":["GET"]}}],"collection":[{"href":"https:\/\/makeupatelier.ee\/pood\/wp-json\/wp\/v2\/product"}],"about":[{"href":"https:\/\/makeupatelier.ee\/pood\/wp-json\/wp\/v2\/types\/product"}],"replies":[{"embeddable":true,"href":"https:\/\/makeupatelier.ee\/pood\/wp-json\/wp\/v2\/comments?post=28130"}],"wp:featuredmedia":[{"embeddable":true,"href":"https:\/\/makeupatelier.ee\/pood\/wp-json\/wp\/v2\/media\/28127"}],"wp:attachment":[{"href":"https:\/\/makeupatelier.ee\/pood\/wp-json\/wp\/v2\/media?parent=28130"}],"wp:term":[{"taxonomy":"product_cat","embeddable":true,"href":"https:\/\/makeupatelier.ee\/pood\/wp-json\/wp\/v2\/product_cat?post=28130"},{"taxonomy":"product_tag","embeddable":true,"href":"https:\/\/makeupatelier.ee\/pood\/wp-json\/wp\/v2\/product_tag?post=28130"}],"curies":[{"name":"wp","href":"https:\/\/api.w.org\/{rel}","templated":true}]}}