{"id":28114,"date":"2025-10-14T15:56:32","date_gmt":"2025-10-14T12:56:32","guid":{"rendered":"https:\/\/makeupatelier.ee\/pood\/product\/glow-face-oil\/"},"modified":"2026-02-21T11:00:34","modified_gmt":"2026-02-21T09:00:34","slug":"glow-face-oil","status":"publish","type":"product","link":"https:\/\/makeupatelier.ee\/pood\/product\/glow-face-oil\/","title":{"rendered":"Glow Face Oil"},"content":{"rendered":"<p>S\u00e4ilitamine: Hoida jahedas, otsese p\u00e4ikese eest kaitstult.&nbsp;<br \/>\n<em style=\"vertical-align: baseline;margin: 0px;padding: 0px;background: 0px 0px;border: 0px;, sans-serif;font-size: 15px\">K\u00f5ik LU\u00c9 BALM tooted on hinnatud vastavalt Euroopa Liidu kosmeetikam\u00e4\u00e4ruse n\u00f5uetele ja registreeritud ametlikus Euroopa Kosmeetikatoodete Teavituss\u00fcsteemis (Cosmetic Products Notification Portal \u2013 CPNP), mis tagab ohutu ja seadusliku m\u00fc\u00fcgi\u00f5iguse.<\/em><br \/>\nINCI:&nbsp;<span style=\"font-family: Calibri, sans-serif;font-size: 11pt\">SQUALANE, VITIS VINIFERA SEED OIL, PRUNUS AMYGDALUS DULCIS OIL, CAPRYLIC\/CAPRIC TRIGLYCERIDE, TOCOPHERYL ACETATE, TOCOPHEROL, HELIANTHUS ANNUUS SEED OIL, NYMPHAEA CAERULEA FLOWER OIL, CI 77891, MICA, CI 77491, TIN OXIDE<\/span><\/p>\n<h3 style=\"margin: 10pt 0cm 0cm;line-height: 16.8667px;font-size: 11pt;font-family: Calibri, sans-serif\"><\/h3>\n","protected":false},"excerpt":{"rendered":"<p>LU\u00c9 BALM Glow Face Oil on n\u00e4o\u00f5li, mis annab nahale sametise tunde ja terve jume. Skvalaan ja kerged taime\u00f5lid toidavad ning niisutavad, j\u00e4ttes naha pehmeks ja elastseks. Koens\u00fc\u00fcm Q10 ja E-vitamiin pakuvad antioks\u00fcdantset kaitset ning aitavad s\u00e4ilitada naha nooruslikku s\u00e4ra. \u00d5rn pearl light pink toon koos imepeene s\u00e4raga j\u00e4tab nahale kauni kuma, sobides ideaalselt nii igap\u00e4evaseks hoolduseks kui ka meigi alla.<\/p>\n<p>P\u00f5hitoime: Toitev, niisutav, kaitsev, s\u00e4rav efekt.<br \/>\nKellele: K\u00f5ik nahat\u00fc\u00fcbid, eriti sobiv kuivale ja tuhmile nahale.<\/p>\n<p>Kasutamine: Loksuta pudelit enne igat kasutuskorda. Kanna 2\u20133 tilka puhtale n\u00e4ole ja kaelale, masseeri \u00f5rnalt kuni imendumiseni. Parima tulemuse jaoks kasuta LU\u00c9 BALM n\u00e4okreemi peale \u2013 nii lukustub niiskus ja toimeained nahka. V\u00f5id segada ka tilga \u00f5li kreemi sisse kergema tunde jaoks.<br \/>\nSobib hommikul ja \u00f5htul, v\u00f5ib kasutada ka meigi all lisas\u00e4raks.<\/p>\n<p>* mitterasvane,<br \/>\n* kiiresti imenduv,<br \/>\n* sobilik nii p\u00e4evaks kui \u00f6\u00f6seks,<br \/>\n* sobib ka meigip\u00f5hja alla<\/p>\n<p>GLOW-FROM-WITHIN<\/p>\n<p>Kogus 15ml<\/p>\n","protected":false},"featured_media":28158,"comment_status":"open","ping_status":"closed","template":"","meta":[],"product_cat":[622],"product_tag":[],"class_list":{"0":"post-28114","1":"product","2":"type-product","3":"status-publish","4":"has-post-thumbnail","6":"product_cat-lue-balm","8":"first","9":"instock","10":"taxable","11":"shipping-taxable","12":"purchasable","13":"product-type-simple"},"aioseo_notices":[],"_links":{"self":[{"href":"https:\/\/makeupatelier.ee\/pood\/wp-json\/wp\/v2\/product\/28114","targetHints":{"allow":["GET"]}}],"collection":[{"href":"https:\/\/makeupatelier.ee\/pood\/wp-json\/wp\/v2\/product"}],"about":[{"href":"https:\/\/makeupatelier.ee\/pood\/wp-json\/wp\/v2\/types\/product"}],"replies":[{"embeddable":true,"href":"https:\/\/makeupatelier.ee\/pood\/wp-json\/wp\/v2\/comments?post=28114"}],"wp:featuredmedia":[{"embeddable":true,"href":"https:\/\/makeupatelier.ee\/pood\/wp-json\/wp\/v2\/media\/28158"}],"wp:attachment":[{"href":"https:\/\/makeupatelier.ee\/pood\/wp-json\/wp\/v2\/media?parent=28114"}],"wp:term":[{"taxonomy":"product_cat","embeddable":true,"href":"https:\/\/makeupatelier.ee\/pood\/wp-json\/wp\/v2\/product_cat?post=28114"},{"taxonomy":"product_tag","embeddable":true,"href":"https:\/\/makeupatelier.ee\/pood\/wp-json\/wp\/v2\/product_tag?post=28114"}],"curies":[{"name":"wp","href":"https:\/\/api.w.org\/{rel}","templated":true}]}}