{"id":28094,"date":"2025-10-01T23:08:43","date_gmt":"2025-10-01T20:08:43","guid":{"rendered":"https:\/\/makeupatelier.ee\/pood\/product\/deodorant-stick\/"},"modified":"2025-12-13T02:00:08","modified_gmt":"2025-12-13T00:00:08","slug":"deodorant-stick","status":"publish","type":"product","link":"https:\/\/makeupatelier.ee\/pood\/product\/deodorant-stick\/","title":{"rendered":"Deodorant Stick"},"content":{"rendered":"<p data-end=\"581\" data-start=\"285\"><strong data-end=\"326\" data-start=\"288\">Kuidas looduslik deodorant toimib?<\/strong><br data-end=\"329\" data-start=\"326\" \/>Looduslikud deodorandid ei blokeeri higistamist \u2013 see on keha loomulik ja tervislik viis reguleerida temperatuuri ja jahutada end. Nende roll on <strong data-end=\"509\" data-start=\"474\">neutraliseerida ebameeldiv l\u00f5hn<\/strong> ja <strong data-end=\"542\" data-start=\"513\">pidurdada bakterite kasvu<\/strong>, pakkudes samal ajal v\u00e4rsket tunnet.<\/p>\n<p data-end=\"711\" data-start=\"583\">Higistamine ise on normaalne ja vajalik protsess, seet\u00f5ttu on oluline lasta kehal hingata, samas hoides end mugavalt v\u00e4rskena.<br \/>\n15g<\/p>\n","protected":false},"excerpt":{"rendered":"<p>LU\u00c9 BALM Looduslik higipulk deodorant on loodud neile, kes hindavad puhtaid ja \u00f5rnasid koostisosi.<br \/>\nSee deodorant aitab hoida sind v\u00e4rskena, ilma alumiiniumsoolade v\u00f5i s\u00f6\u00f6gisoodata.<br \/>\nKoostisesse lisatud E-vitamiin kaitseb nahka ja aitab pikendada toote s\u00e4ilivust.<br \/>\nMinisuuruses toode 3,8cm x 7,6 cm. Minimalistlik ja kompaktne \u2013 mugav igap\u00e4evaselt kaasa v\u00f5tta nii t\u00f6\u00f6le, trenni kui ka reisile.<br \/>\nSobib ka tundlikule nahale.<\/p>\n<p>Kasutamine: Kanna \u00f5huke kiht puhtale ja kuivale kaenlaalusele.<\/p>\n","protected":false},"featured_media":28092,"comment_status":"open","ping_status":"closed","template":"","meta":[],"product_cat":[622],"product_tag":[],"class_list":{"0":"post-28094","1":"product","2":"type-product","3":"status-publish","4":"has-post-thumbnail","6":"product_cat-lue-balm","8":"first","9":"outofstock","10":"taxable","11":"shipping-taxable","12":"purchasable","13":"product-type-simple"},"aioseo_notices":[],"_links":{"self":[{"href":"https:\/\/makeupatelier.ee\/pood\/wp-json\/wp\/v2\/product\/28094","targetHints":{"allow":["GET"]}}],"collection":[{"href":"https:\/\/makeupatelier.ee\/pood\/wp-json\/wp\/v2\/product"}],"about":[{"href":"https:\/\/makeupatelier.ee\/pood\/wp-json\/wp\/v2\/types\/product"}],"replies":[{"embeddable":true,"href":"https:\/\/makeupatelier.ee\/pood\/wp-json\/wp\/v2\/comments?post=28094"}],"wp:featuredmedia":[{"embeddable":true,"href":"https:\/\/makeupatelier.ee\/pood\/wp-json\/wp\/v2\/media\/28092"}],"wp:attachment":[{"href":"https:\/\/makeupatelier.ee\/pood\/wp-json\/wp\/v2\/media?parent=28094"}],"wp:term":[{"taxonomy":"product_cat","embeddable":true,"href":"https:\/\/makeupatelier.ee\/pood\/wp-json\/wp\/v2\/product_cat?post=28094"},{"taxonomy":"product_tag","embeddable":true,"href":"https:\/\/makeupatelier.ee\/pood\/wp-json\/wp\/v2\/product_tag?post=28094"}],"curies":[{"name":"wp","href":"https:\/\/api.w.org\/{rel}","templated":true}]}}