{"id":28087,"date":"2025-10-01T21:22:13","date_gmt":"2025-10-01T18:22:13","guid":{"rendered":"https:\/\/makeupatelier.ee\/pood\/product\/face-cream\/"},"modified":"2026-03-19T14:17:36","modified_gmt":"2026-03-19T12:17:36","slug":"face-cream","status":"publish","type":"product","link":"https:\/\/makeupatelier.ee\/pood\/product\/face-cream\/","title":{"rendered":"FACE CREAM"},"content":{"rendered":"<p>S\u00e4ilitamine: Hoida jahedas, otsese p\u00e4ikese eest kaitstult.<br \/>\n<em style=\"vertical-align: baseline; margin: 0px; padding: 0px; background: 0px 0px; border: 0px; , sans-serif;font-size: 15px;\">K\u00f5ik LU\u00c9 BALM tooted on hinnatud vastavalt Euroopa Liidu kosmeetikam\u00e4\u00e4ruse n\u00f5uetele ja registreeritud ametlikus Euroopa Kosmeetikatoodete Teavituss\u00fcsteemis (Cosmetic Products Notification Portal \u2013 CPNP), mis tagab ohutu ja seadusliku m\u00fc\u00fcgi\u00f5iguse.<\/em><br \/>\nINCI: ROSA DAMASCENA FLOWER WATER, AQUA, SQUALANE, CAPRYLIC\/CAPRIC TRIGLYCERIDE, VITIS VINIFERA SEED OIL, GLYCERIN, CETEARYL OLIVATE, SORBITAN OLIVATE, TOCOPHEROL, BENZYL ALCOHOL, HELIANTHUS ANNUUS SEED OIL, NYMPHAEA CAERULEA FLOWER OIL, SALICYLIC ACID, MICA, CI 77891, SORBIC ACID, CI 77491, TIN OXIDE<\/p>\n","protected":false},"excerpt":{"rendered":"<p>LU\u00c9 BALM k\u00e4sit\u00f6\u00f6na valmistatud n\u00e4okreem roosivee ja skvalaaniga. \u00d5rn, kuid t\u00f5hus igap\u00e4evane niisutaja, mis \u00fchendab roosivee rahustava toime ja skvalaani kerge siidise puudutuse. Hoolikalt valitud taimsete \u00f5lide segu toidavad nahka s\u00fcgavuti, aidates taastada selle elastsuse ja loomuliku s\u00e4ra. Luksuslik, kiiresti imenduv tekstuur j\u00e4tab naha pehmeks ja kaitstuks. Sobib k\u00f5ikidele nahat\u00fc\u00fcpidele, sealhulgas tundlikule nahale.<\/p>\n<p>Aroom: Kreem on rikastatud sinise lootose absoluut\u00f5liga \u2013 see on haruldane ja kontsentreeritud ekstrakt, mida saadakse \u00f5rnaist lootose\u00f5itest. Absoluut\u00f5li erineb tavalisest eeterlikust \u00f5list oma erakordselt s\u00fcgava ja t\u00e4idlase aroomi poolest. Selle \u00f5rnalt magus, lilleline ja rahustav l\u00f5hn lisab kreemile luksuslikkust ning loob hoolitsedes ka meelelise kogemuse.<\/p>\n<p>LU\u00c9 BALM n\u00e4okreem on l\u00e4binud edukalt Euroopa farmakop\u00f6a (Ph. Eur. 5.1.3) \u201cChallenge Testi\u201d ning saavutas k\u00f5rgeima hinnangu \u2013 Criteria A. See kinnitab, et kreemil on v\u00e4ga t\u00f5hus ja ohutu s\u00e4ilitusainete s\u00fcsteem, mis tagab toote puhtuse ja stabiilsuse ka pikaajalisel kasutamisel. Sobib ka tundlikule nahale<\/p>\n<p>Kasutamine: Kanna puhastatud n\u00e4ole hommikul ja\/v\u00f5i \u00f5htul. V\u00e4ltida silma sattumist. Ainult v\u00e4lispidiseks kasutamiseks.<\/p>\n<p>30ml<\/p>\n","protected":false},"featured_media":28090,"comment_status":"open","ping_status":"closed","template":"","meta":[],"product_cat":[622],"product_tag":[],"class_list":{"0":"post-28087","1":"product","2":"type-product","3":"status-publish","4":"has-post-thumbnail","6":"product_cat-lue-balm","8":"first","9":"instock","10":"taxable","11":"shipping-taxable","12":"purchasable","13":"product-type-simple"},"aioseo_notices":[],"_links":{"self":[{"href":"https:\/\/makeupatelier.ee\/pood\/wp-json\/wp\/v2\/product\/28087","targetHints":{"allow":["GET"]}}],"collection":[{"href":"https:\/\/makeupatelier.ee\/pood\/wp-json\/wp\/v2\/product"}],"about":[{"href":"https:\/\/makeupatelier.ee\/pood\/wp-json\/wp\/v2\/types\/product"}],"replies":[{"embeddable":true,"href":"https:\/\/makeupatelier.ee\/pood\/wp-json\/wp\/v2\/comments?post=28087"}],"wp:featuredmedia":[{"embeddable":true,"href":"https:\/\/makeupatelier.ee\/pood\/wp-json\/wp\/v2\/media\/28090"}],"wp:attachment":[{"href":"https:\/\/makeupatelier.ee\/pood\/wp-json\/wp\/v2\/media?parent=28087"}],"wp:term":[{"taxonomy":"product_cat","embeddable":true,"href":"https:\/\/makeupatelier.ee\/pood\/wp-json\/wp\/v2\/product_cat?post=28087"},{"taxonomy":"product_tag","embeddable":true,"href":"https:\/\/makeupatelier.ee\/pood\/wp-json\/wp\/v2\/product_tag?post=28087"}],"curies":[{"name":"wp","href":"https:\/\/api.w.org\/{rel}","templated":true}]}}