{"id":28001,"date":"2025-08-12T10:47:06","date_gmt":"2025-08-12T07:47:06","guid":{"rendered":"https:\/\/makeupatelier.ee\/pood\/product\/limited-edition-slide-b-ss21-uldne-juukseklamber\/"},"modified":"2026-04-20T16:21:10","modified_gmt":"2026-04-20T13:21:10","slug":"limited-edition-slide-b-ss21-uldne-juukseklamber","status":"publish","type":"product","link":"https:\/\/makeupatelier.ee\/pood\/product\/limited-edition-slide-b-ss21-uldne-juukseklamber\/","title":{"rendered":"Limited Edition Slide B SS21 kuldne juukseklamber"},"content":{"rendered":"","protected":false},"excerpt":{"rendered":"<p>Kvaliteetne ja luksuslik Balmain Hair juukseaksessuaar annab rohkelt v\u00f5imalusi juuste kinnitamiseks. Aksessuaari katab ja kaunistab 18K kullatud t\u00f6\u00f6tlus ja Balmain Hair logo. \u2022\u00a0K\u00f5rge kvaliteediga k\u00e4sitsi valmistatud juukseklamber \u2022 Vastupidav \u2022 Sobib ideaalselt igale juukset\u00fc\u00fcbile Toote laius on 60mm. Kasuta Balmain aksessuaare erinevate lihtsate soengute loomiseks.<\/p>\n","protected":false},"featured_media":27998,"comment_status":"open","ping_status":"closed","template":"","meta":[],"product_cat":[210],"product_tag":[],"class_list":{"0":"post-28001","1":"product","2":"type-product","3":"status-publish","4":"has-post-thumbnail","6":"product_cat-kinkekomplektid","8":"first","9":"instock","10":"taxable","11":"shipping-taxable","12":"purchasable","13":"product-type-simple"},"aioseo_notices":[],"_links":{"self":[{"href":"https:\/\/makeupatelier.ee\/pood\/wp-json\/wp\/v2\/product\/28001","targetHints":{"allow":["GET"]}}],"collection":[{"href":"https:\/\/makeupatelier.ee\/pood\/wp-json\/wp\/v2\/product"}],"about":[{"href":"https:\/\/makeupatelier.ee\/pood\/wp-json\/wp\/v2\/types\/product"}],"replies":[{"embeddable":true,"href":"https:\/\/makeupatelier.ee\/pood\/wp-json\/wp\/v2\/comments?post=28001"}],"wp:featuredmedia":[{"embeddable":true,"href":"https:\/\/makeupatelier.ee\/pood\/wp-json\/wp\/v2\/media\/27998"}],"wp:attachment":[{"href":"https:\/\/makeupatelier.ee\/pood\/wp-json\/wp\/v2\/media?parent=28001"}],"wp:term":[{"taxonomy":"product_cat","embeddable":true,"href":"https:\/\/makeupatelier.ee\/pood\/wp-json\/wp\/v2\/product_cat?post=28001"},{"taxonomy":"product_tag","embeddable":true,"href":"https:\/\/makeupatelier.ee\/pood\/wp-json\/wp\/v2\/product_tag?post=28001"}],"curies":[{"name":"wp","href":"https:\/\/api.w.org\/{rel}","templated":true}]}}