{"id":27966,"date":"2025-07-23T20:51:14","date_gmt":"2025-07-23T17:51:14","guid":{"rendered":"https:\/\/makeupatelier.ee\/pood\/product\/lue-balm\/"},"modified":"2026-03-25T10:37:54","modified_gmt":"2026-03-25T08:37:54","slug":"lue-balm","status":"publish","type":"product","link":"https:\/\/makeupatelier.ee\/pood\/product\/lue-balm\/","title":{"rendered":"LIP BALM"},"content":{"rendered":"<p><strong>Hoiatus: Hoida toodet kuumuse ja otsese p\u00e4ikesevalguse eest (UV exposure).<br \/>\nAllergiahoiatus: Sisaldab naturaalset mesilasvaha (Cera Flava), mis v\u00f5ib p\u00f5hjustada allergilist reaktsiooni mesindussaaduste suhtes tundlikel inimestel.<\/strong><\/p>\n<p><em>K\u00f5ik LU\u00c9 BALM tooted on hinnatud vastavalt Euroopa Liidu kosmeetikam\u00e4\u00e4ruse n\u00f5uetele ja registreeritud ametlikus Euroopa Kosmeetikatoodete Teavituss\u00fcsteemis (Cosmetic Products Notification Portal \u2013 CPNP), mis tagab ohutu ja seadusliku m\u00fc\u00fcgi\u00f5iguse.<\/em><\/p>\n<p><span style=\"font-size:11px\"><span style=\"line-height: 18.4px;, serif\">INCI: Prunus Amygdalus Dulcis Oil,&nbsp;<\/span><span style=\", serif\">Cera Flava,&nbsp;<\/span><span style=\", serif\">Cocos Nucifera Oil,&nbsp;<\/span><span style=\", serif\">Vitis Vinifera Seed Oil,&nbsp;<\/span><span style=\"color: black;, serif\">Aroma,&nbsp;<\/span><span style=\", serif\">Alpha-Isomethyl Ionone,&nbsp;<\/span><span style=\", serif\">&nbsp;<\/span><span style=\", serif\">Benzyl Alcohol,&nbsp;<\/span><span style=\", serif\">Limonene,&nbsp;<\/span><span style=\", serif\">Hexyl Cinnamal,&nbsp;<\/span><span style=\"line-height: 18.4px;, serif\">Citronellol,&nbsp;<\/span><span style=\"font-family: Aptos\">&nbsp;<\/span><span style=\"line-height: 18.4px;, serif\">Benzyl Benzoate, Linalool, Coumarin,&nbsp;<\/span><span style=\", serif\">Geraniol, Mica,&nbsp;<\/span><span style=\", serif\">CI 77891,&nbsp;<\/span><span style=\", serif\">CI 77491<\/span><span style=\", serif\">&nbsp;<\/span><\/span><\/p>\n","protected":false},"excerpt":{"rendered":"<p>K\u00e4sitsi valmistatud luksuslik huulepalsam<br \/>\nLU\u00c9 BALM [l\u00fc balm] \u00fchendab puhta koostise ja elegantse disaini, pakkudes igap\u00e4evast hoolt, kaitset ja ilu sinu huultele.<\/p>\n<p>Toitainerikas hoolitsus<\/p>\n<p>Magusmandli\u00f5li \u2013 s\u00fcgavniisutab ja pehmendab<br \/>\nViinamarjaseemne\u00f5li \u2013 E-vitamiin ja antioks\u00fcdandid taastavad elastsuse<br \/>\nKookosrasv \u2013 siidine tekstuur ja looduslik antibakteriaalne kaitse<br \/>\nMesilasvaha \u2013 lukustab niiskuse ja ennetab kuivust<\/p>\n<p>V\u00e4rvus &amp; maitse<br \/>\n\u00d5rna roosa tooniga, huultel l\u00e4bipaistev l\u00e4ige. Rikastatud vaarika- ja piparm\u00fcndi maitse\u00f5liga \u2013 marjane ja v\u00e4rskendav aroom iga kasutuskorra ajal.<\/p>\n<p>Eksklusiivne disain<br \/>\nValge nahkviimistlusega tuub kuldsete detailidega. Kl\u00f5psmehhanism hoiab korgi kindlalt paigal \u2013 ideaalne nii k\u00e4ekotis kui meigilaual.<\/p>\n<p>T\u00e4iuslik valik neile, kes hindavad luksuslikku v\u00e4limust ja puhtaid koostisosi. Sobib kingituseks v\u00f5i igap\u00e4evaseks hellituseks.<\/p>\n<p>Laboratoorselt testitud | Pole testitud loomadel | Parabeenivaba<br \/>\nKogus: 3,8 g<\/p>\n","protected":false},"featured_media":28156,"comment_status":"open","ping_status":"closed","template":"","meta":[],"product_cat":[622],"product_tag":[],"class_list":{"0":"post-27966","1":"product","2":"type-product","3":"status-publish","4":"has-post-thumbnail","6":"product_cat-lue-balm","8":"first","9":"instock","10":"taxable","11":"shipping-taxable","12":"purchasable","13":"product-type-simple"},"aioseo_notices":[],"_links":{"self":[{"href":"https:\/\/makeupatelier.ee\/pood\/wp-json\/wp\/v2\/product\/27966","targetHints":{"allow":["GET"]}}],"collection":[{"href":"https:\/\/makeupatelier.ee\/pood\/wp-json\/wp\/v2\/product"}],"about":[{"href":"https:\/\/makeupatelier.ee\/pood\/wp-json\/wp\/v2\/types\/product"}],"replies":[{"embeddable":true,"href":"https:\/\/makeupatelier.ee\/pood\/wp-json\/wp\/v2\/comments?post=27966"}],"wp:featuredmedia":[{"embeddable":true,"href":"https:\/\/makeupatelier.ee\/pood\/wp-json\/wp\/v2\/media\/28156"}],"wp:attachment":[{"href":"https:\/\/makeupatelier.ee\/pood\/wp-json\/wp\/v2\/media?parent=27966"}],"wp:term":[{"taxonomy":"product_cat","embeddable":true,"href":"https:\/\/makeupatelier.ee\/pood\/wp-json\/wp\/v2\/product_cat?post=27966"},{"taxonomy":"product_tag","embeddable":true,"href":"https:\/\/makeupatelier.ee\/pood\/wp-json\/wp\/v2\/product_tag?post=27966"}],"curies":[{"name":"wp","href":"https:\/\/api.w.org\/{rel}","templated":true}]}}