{"id":27947,"date":"2025-07-22T16:36:17","date_gmt":"2025-07-22T13:36:17","guid":{"rendered":"https:\/\/makeupatelier.ee\/pood\/product\/lue-balm-pro\/"},"modified":"2026-02-24T02:00:06","modified_gmt":"2026-02-24T00:00:06","slug":"lue-balm-pro","status":"publish","type":"product","link":"https:\/\/makeupatelier.ee\/pood\/product\/lue-balm-pro\/","title":{"rendered":"LIP BALM Pro"},"content":{"rendered":"<p><strong>Hoiatus: Hoida toodet kuumuse ja otsese p\u00e4ikesevalguse eest (UV exposure).<br \/>\nAllergiahoiatus: Sisaldab naturaalset mesilasvaha (Cera Flava), mis v\u00f5ib p\u00f5hjustada allergilist reaktsiooni mesindussaaduste suhtes tundlikel inimestel.<\/strong><\/p>\n<p><em>K\u00f5ik LU\u00c9 BALM tooted on hinnatud vastavalt Euroopa Liidu kosmeetikam\u00e4\u00e4ruse n\u00f5uetele ja registreeritud ametlikus Euroopa Kosmeetikatoodete Teavituss\u00fcsteemis (Cosmetic Products Notification Portal \u2013 CPNP), mis tagab ohutu ja seadusliku m\u00fc\u00fcgi\u00f5iguse.<\/em><\/p>\n<p><span style=\"font-size:11px\"><span style=\"line-height: 18.4px;, serif\">INCI: Prunus Amygdalus Dulcis Oil,&nbsp;<\/span><span style=\", serif\">Cera Flava,&nbsp;<\/span><span style=\", serif\">Cocos Nucifera Oil,&nbsp;<\/span><span style=\", serif\">Vitis Vinifera Seed Oil,&nbsp;<\/span><span style=\"color: black;, serif\">Aroma,&nbsp;<\/span><span style=\", serif\">Alpha-Isomethyl Ionone,&nbsp;<\/span><span style=\", serif\">&nbsp;<\/span><span style=\", serif\">Benzyl Alcohol,&nbsp;<\/span><span style=\", serif\">Limonene,&nbsp;<\/span><span style=\", serif\">Hexyl Cinnamal,&nbsp;<\/span><span style=\"line-height: 18.4px;, serif\">Citronellol,&nbsp;<\/span><span style=\"font-family: Aptos\">&nbsp;<\/span><span style=\"line-height: 18.4px;, serif\">Benzyl Benzoate, Linalool, Coumarin,&nbsp;<\/span><span style=\", serif\">Geraniol<\/span><\/span><\/p>\n","protected":false},"excerpt":{"rendered":"<p>LU\u00c9 BALM [l\u00fc balm] Pro \u2014  Professionaalile. Spetsiaalselt professionaalile m\u00f5eldud pakend \u2013 \u2300 5 cm, madal, kruvikaanega, kerge topsik on disainitud just ilut\u00f6\u00f6tajate vajadusi silmas pidades. H\u00fcgieeniline, mugav kasutada koos spaatliga ning sobib ideaalselt salongide ja iluspetsialistide t\u00f6\u00f6lauale.<\/p>\n<p>K\u00e4sitsi valmistatud, looduslike koostisosadega huulepalsam, mis pakub s\u00fcgavniisutust, pehmust ja kaitset huultele.<br \/>\nKvaliteetsed looduslikud taime\u00f5lid ja mesilasvaha aitavad taastada huulte loomuliku niiskustasakaalu. Magus vaarikas ja v\u00e4rske piparm\u00fcnt \u00e4ratavad meeled, piimja tooniga palsam j\u00e4\u00e4b huultel l\u00e4bipaistvaks ja siidiselt pehmeks. Sisaldab toitvat magusmandli\u00f5li, viinamarjaseemne\u00f5li ja rikkalikku kookosrasva, mida t\u00e4iendab mesilasvaha loomulik kaitsekiht.<\/p>\n<p>Miks valida LU\u00c9 BALM?<br \/>\n* S\u00fcgavniisutav ja taastav<br \/>\n* Puhas koostis<br \/>\n* Huultele l\u00e4bipaistev ja loomulik l\u00e4ige<br \/>\n* V\u00e4rske vaarika ja piparm\u00fcndi maitse\/l\u00f5hn<br \/>\n* Sobib igap\u00e4evaseks hoolduseks ja professionaalseks kasutuseks<br \/>\n* K\u00e4sit\u00f6\u00f6, v\u00e4ikeste partiide kvaliteet<\/p>\n<p>Laboratoorselt testitud koostis  | Pole testitud loomadel | Ei sisalda parabeene<br \/>\nKogus: 15g<\/p>\n","protected":false},"featured_media":27944,"comment_status":"open","ping_status":"closed","template":"","meta":[],"product_cat":[622],"product_tag":[],"class_list":{"0":"post-27947","1":"product","2":"type-product","3":"status-publish","4":"has-post-thumbnail","6":"product_cat-lue-balm","8":"first","9":"instock","10":"taxable","11":"shipping-taxable","12":"purchasable","13":"product-type-simple"},"aioseo_notices":[],"_links":{"self":[{"href":"https:\/\/makeupatelier.ee\/pood\/wp-json\/wp\/v2\/product\/27947","targetHints":{"allow":["GET"]}}],"collection":[{"href":"https:\/\/makeupatelier.ee\/pood\/wp-json\/wp\/v2\/product"}],"about":[{"href":"https:\/\/makeupatelier.ee\/pood\/wp-json\/wp\/v2\/types\/product"}],"replies":[{"embeddable":true,"href":"https:\/\/makeupatelier.ee\/pood\/wp-json\/wp\/v2\/comments?post=27947"}],"wp:featuredmedia":[{"embeddable":true,"href":"https:\/\/makeupatelier.ee\/pood\/wp-json\/wp\/v2\/media\/27944"}],"wp:attachment":[{"href":"https:\/\/makeupatelier.ee\/pood\/wp-json\/wp\/v2\/media?parent=27947"}],"wp:term":[{"taxonomy":"product_cat","embeddable":true,"href":"https:\/\/makeupatelier.ee\/pood\/wp-json\/wp\/v2\/product_cat?post=27947"},{"taxonomy":"product_tag","embeddable":true,"href":"https:\/\/makeupatelier.ee\/pood\/wp-json\/wp\/v2\/product_tag?post=27947"}],"curies":[{"name":"wp","href":"https:\/\/api.w.org\/{rel}","templated":true}]}}