{"id":27929,"date":"2025-07-22T11:36:05","date_gmt":"2025-07-22T08:36:05","guid":{"rendered":"https:\/\/makeupatelier.ee\/pood\/product\/fluid-foundation-silk-effect\/"},"modified":"2026-03-20T02:00:07","modified_gmt":"2026-03-20T00:00:07","slug":"fluid-foundation-silk-effect","status":"publish","type":"product","link":"https:\/\/makeupatelier.ee\/pood\/product\/fluid-foundation-silk-effect\/","title":{"rendered":"SILK EFFECT Jumestuskreem"},"content":{"rendered":"<p><strong>NB! Uute (sh Silk Effect) jumestuskreemide toonide koodis\u00fcsteem on muutunud! K\u00f5igi uute jumestuskreemide toonid on n\u00fc\u00fcd \u00fche tooni v\u00f5rra heledamad. Kui teil on k\u00fcsimusi tooni valiku kohta, meie klienditeenindus on alati valmis abistama!<\/strong><br \/>\nNB-t\u00e4hisega jumestuskreem sobib ideaalselt k\u00fclma, punetava alatooniga nahale.<br \/>\nY-t\u00e4hisega sobib ideaalselt sooja, kollaka alatooniga nahale.<\/p>\n","protected":false},"excerpt":{"rendered":"<p>K\u00f5rge katvusega aga \u00f5hkuke vedel jumestuskreem siidise l\u00f5ppviimistlusega, vastupidav vee, higi ja rasu suhtes.<br \/>\n\u00d5livaba koostis, mis ei ummista poore, selle t\u00e4iuslik katvus aitab peita k\u00f5ik eba\u00fchtlused.<br \/>\nKauap\u00fcsiv: 12 tundi. Dermatoloogiliselt testitud.<br \/>\nKASUTAMISE N\u00d5UANDED: Enne kasutamist loksutada. Peale kanda pintsliga v\u00f5i niiske k\u00e4snaga eelnevalt niisutatud nahale.<\/p>\n<p>NB! Uute (sh Silk Effect) jumestuskreemide toonide koodis\u00fcsteem on muutunud! K\u00f5igi uute jumestuskreemide toonid on n\u00fc\u00fcd \u00fche tooni v\u00f5rra heledamad. Kui teil on k\u00fcsimusi tooni valiku kohta, meie klienditeenindus on alati valmis abistama!<\/p>\n<p>Kogus: 40ml<\/p>\n","protected":false},"featured_media":27928,"comment_status":"open","ping_status":"closed","template":"","meta":[],"product_cat":[193],"product_tag":[],"class_list":{"0":"post-27929","1":"product","2":"type-product","3":"status-publish","4":"has-post-thumbnail","6":"product_cat-jumestuskreemid","8":"first","9":"instock","10":"sale","11":"taxable","12":"shipping-taxable","13":"purchasable","14":"product-type-variable"},"aioseo_notices":[],"_links":{"self":[{"href":"https:\/\/makeupatelier.ee\/pood\/wp-json\/wp\/v2\/product\/27929","targetHints":{"allow":["GET"]}}],"collection":[{"href":"https:\/\/makeupatelier.ee\/pood\/wp-json\/wp\/v2\/product"}],"about":[{"href":"https:\/\/makeupatelier.ee\/pood\/wp-json\/wp\/v2\/types\/product"}],"replies":[{"embeddable":true,"href":"https:\/\/makeupatelier.ee\/pood\/wp-json\/wp\/v2\/comments?post=27929"}],"wp:featuredmedia":[{"embeddable":true,"href":"https:\/\/makeupatelier.ee\/pood\/wp-json\/wp\/v2\/media\/27928"}],"wp:attachment":[{"href":"https:\/\/makeupatelier.ee\/pood\/wp-json\/wp\/v2\/media?parent=27929"}],"wp:term":[{"taxonomy":"product_cat","embeddable":true,"href":"https:\/\/makeupatelier.ee\/pood\/wp-json\/wp\/v2\/product_cat?post=27929"},{"taxonomy":"product_tag","embeddable":true,"href":"https:\/\/makeupatelier.ee\/pood\/wp-json\/wp\/v2\/product_tag?post=27929"}],"curies":[{"name":"wp","href":"https:\/\/api.w.org\/{rel}","templated":true}]}}