{"id":27517,"date":"2024-11-06T13:48:36","date_gmt":"2024-11-06T11:48:36","guid":{"rendered":"http:\/\/makeupatelier.ee\/pood\/product\/fixing-spray\/"},"modified":"2026-03-06T02:00:12","modified_gmt":"2026-03-06T00:00:12","slug":"fixing-spray","status":"publish","type":"product","link":"https:\/\/makeupatelier.ee\/pood\/product\/fixing-spray\/","title":{"rendered":"FIXING SPRAY"},"content":{"rendered":"<p>Instantly set your look and ensure a flawless make-up all day long thanks to our fixing spray. Forms an ultra-resistant protective veil, that fixes and make your make-up last. It prevents the pigments to migrate into pores and fine lines, in order to reduce make-up retouching. Its ultra-light formula and its vaporizer ensure an homogeneous and imperceptible mist for a flawless result.<\/p>\n<p>&nbsp;<\/p>\n","protected":false},"excerpt":{"rendered":"<p>Fikseeri oma meik hetkega ja naudi veatut jumestust kogu p\u00e4eva v\u00e4ltel t\u00e4nu meie fikseerivale spreile.<br \/>\nSprei moodustab \u00fclitugeva kaitsekihi, mis kinnitab ja pikendab meigi kestvust.<br \/>\nSee hoiab \u00e4ra pigmentide kogunemise pooridesse ja peenetesse joontesse, v\u00e4hendades vajadust meiki p\u00e4eva jooksul parandada.<br \/>\n\u00dclikerge koostis ja peen pihustus loovad \u00fchtlase, n\u00e4htamatu kihi, mis tagab veatu ja kauakestva tulemuse.<\/p>\n","protected":false},"featured_media":27516,"comment_status":"open","ping_status":"closed","template":"","meta":[],"product_cat":[213],"product_tag":[],"class_list":{"0":"post-27517","1":"product","2":"type-product","3":"status-publish","4":"has-post-thumbnail","6":"product_cat-praimerid","8":"first","9":"instock","10":"taxable","11":"shipping-taxable","12":"purchasable","13":"product-type-simple"},"aioseo_notices":[],"_links":{"self":[{"href":"https:\/\/makeupatelier.ee\/pood\/wp-json\/wp\/v2\/product\/27517","targetHints":{"allow":["GET"]}}],"collection":[{"href":"https:\/\/makeupatelier.ee\/pood\/wp-json\/wp\/v2\/product"}],"about":[{"href":"https:\/\/makeupatelier.ee\/pood\/wp-json\/wp\/v2\/types\/product"}],"replies":[{"embeddable":true,"href":"https:\/\/makeupatelier.ee\/pood\/wp-json\/wp\/v2\/comments?post=27517"}],"wp:featuredmedia":[{"embeddable":true,"href":"https:\/\/makeupatelier.ee\/pood\/wp-json\/wp\/v2\/media\/27516"}],"wp:attachment":[{"href":"https:\/\/makeupatelier.ee\/pood\/wp-json\/wp\/v2\/media?parent=27517"}],"wp:term":[{"taxonomy":"product_cat","embeddable":true,"href":"https:\/\/makeupatelier.ee\/pood\/wp-json\/wp\/v2\/product_cat?post=27517"},{"taxonomy":"product_tag","embeddable":true,"href":"https:\/\/makeupatelier.ee\/pood\/wp-json\/wp\/v2\/product_tag?post=27517"}],"curies":[{"name":"wp","href":"https:\/\/api.w.org\/{rel}","templated":true}]}}