{"id":24806,"date":"2024-09-05T14:08:54","date_gmt":"2024-09-05T11:08:54","guid":{"rendered":"http:\/\/makeupatelier.ee\/pood\/product\/meigikohver\/"},"modified":"2026-03-06T02:00:12","modified_gmt":"2026-03-06T00:00:12","slug":"meigikohver","status":"publish","type":"product","link":"https:\/\/makeupatelier.ee\/pood\/product\/meigikohver\/","title":{"rendered":"Meigikohver"},"content":{"rendered":"<div id=\"short_description_block\">\n<div id=\"short_description_content\" class=\"rte align_justify\"><\/div>\n<\/div>\n","protected":false},"excerpt":{"rendered":"<p>Make-Up Atelier Paris meigikohver<br \/>\nStiilne ja vastupidav Make-Up Atelier Paris meigikohver on loodud professionaalidele ja jumestushuvilistele, kes hindavad korras t\u00f6\u00f6vahendeid ja mugavat hoiustamist. Mustast nahast disain koos metallnurkade ja -liistudega tagab elegantsi ning vastupidavuse.<br \/>\nKohvri nutikas ja funktsionaalne sisu pakub mitmetasandilisi lahtik\u00e4ivaid riiuleid, mis v\u00f5imaldavad toodete kiiret ja organiseeritud paigutamist. T\u00e4nu teleskoopmehhanismile avaneb kohver laialt ja annab h\u00f5lpsa ligip\u00e4\u00e4su k\u00f5ikidele toodetele.<br \/>\nLukustatav s\u00fcsteem kaitseb sinu jumestustarbeid turvaliselt ning komplektis olev \u00f5larihm ja kaks v\u00f5tit lisavad kandmis- ja hoiustamislihtsust.<\/p>\n<p>Toote omadused:<\/p>\n<p>-Stiilne ja professionaalne v\u00e4limus<br \/>\n-Lukustatav, kaasas 2 v\u00f5tit<br \/>\n-Mitmetasandilised lahtik\u00e4ivad riiulid organiseeritud hoiustamiseks<br \/>\n-Vastupidav metallnurkade ja tugeva viimistlusega disain<br \/>\n-Mugav kanda k\u00e4epideme v\u00f5i reguleeritava \u00f5larihmaga<br \/>\n-Sobib nii professionaalseks t\u00f6\u00f6ks<\/p>\n<p>M\u00f5\u00f5dud: 40 \u00d7 19 \u00d7 18 cm<\/p>\n","protected":false},"featured_media":28040,"comment_status":"open","ping_status":"closed","template":"","meta":[],"product_cat":[215],"product_tag":[],"class_list":{"0":"post-24806","1":"product","2":"type-product","3":"status-publish","4":"has-post-thumbnail","6":"product_cat-kosmeetikakotid","8":"first","9":"instock","10":"sale","11":"taxable","12":"shipping-taxable","13":"purchasable","14":"product-type-simple"},"aioseo_notices":[],"_links":{"self":[{"href":"https:\/\/makeupatelier.ee\/pood\/wp-json\/wp\/v2\/product\/24806","targetHints":{"allow":["GET"]}}],"collection":[{"href":"https:\/\/makeupatelier.ee\/pood\/wp-json\/wp\/v2\/product"}],"about":[{"href":"https:\/\/makeupatelier.ee\/pood\/wp-json\/wp\/v2\/types\/product"}],"replies":[{"embeddable":true,"href":"https:\/\/makeupatelier.ee\/pood\/wp-json\/wp\/v2\/comments?post=24806"}],"wp:featuredmedia":[{"embeddable":true,"href":"https:\/\/makeupatelier.ee\/pood\/wp-json\/wp\/v2\/media\/28040"}],"wp:attachment":[{"href":"https:\/\/makeupatelier.ee\/pood\/wp-json\/wp\/v2\/media?parent=24806"}],"wp:term":[{"taxonomy":"product_cat","embeddable":true,"href":"https:\/\/makeupatelier.ee\/pood\/wp-json\/wp\/v2\/product_cat?post=24806"},{"taxonomy":"product_tag","embeddable":true,"href":"https:\/\/makeupatelier.ee\/pood\/wp-json\/wp\/v2\/product_tag?post=24806"}],"curies":[{"name":"wp","href":"https:\/\/api.w.org\/{rel}","templated":true}]}}