{"id":24805,"date":"2024-09-05T14:08:54","date_gmt":"2024-09-05T11:08:54","guid":{"rendered":"http:\/\/makeupatelier.ee\/pood\/product\/huulepalsam\/"},"modified":"2026-03-18T02:00:08","modified_gmt":"2026-03-18T00:00:08","slug":"huulepalsam","status":"publish","type":"product","link":"https:\/\/makeupatelier.ee\/pood\/product\/huulepalsam\/","title":{"rendered":"Huulepalsam"},"content":{"rendered":"<p style=\"margin: 0px;font-size: 10.1px;line-height: normal;font-family: Arial\">RICINUS COMMUNIS\/RICINUS COMMUNIS (CASTOR) SEED OIL\/ HUILE DE RICIN, BIS-DIGLYCERYL POLYACYLADIPATE-2, CERA ALBA\/ BEESWAX\/CIRE D\u2019ABEILLE, CETYL LACTATE, MYRISTYL LACTATE, CARNAUBA\/COPERNICA CERIFERA (CARNAUBA) WAX, CANDELLILA CERA\/EUPHORBIA CERIFERA (CANDELILLA) WAX, BUTYROSPERMUM PARKII (SHEA BUTTER), DIMETHICONE COPOLYMER, HELIANTHUS ANNUUS\/ JOJOBA OIL, POLYETHYLENE, PARFUM\/FRAGRANCE, TOCOPHEROL, ASCORBYL PALMITATE, BENZYL ALCOHOL, DEHYDROACETIC ACID, BHT. NOT TESTED ON ANIMALS<\/p>\n","protected":false},"excerpt":{"rendered":"<p>Kaitsev ja niisutav palsam huultele A ja E vitamiinidega. Toote peamine koostisosa on sheav\u00f5i, mis toidab h\u00e4sti huuli. Pakub kaitset \u00f5husaaste, k\u00fclma ning UV-kiirte eest.<br \/>\nSilub kortse. SPF 10.<br \/>\n4 g<\/p>\n","protected":false},"featured_media":24804,"comment_status":"open","ping_status":"closed","template":"","meta":[],"product_cat":[191],"product_tag":[],"class_list":{"0":"post-24805","1":"product","2":"type-product","3":"status-publish","4":"has-post-thumbnail","6":"product_cat-huuled","8":"first","9":"instock","10":"taxable","11":"shipping-taxable","12":"purchasable","13":"product-type-simple"},"aioseo_notices":[],"_links":{"self":[{"href":"https:\/\/makeupatelier.ee\/pood\/wp-json\/wp\/v2\/product\/24805","targetHints":{"allow":["GET"]}}],"collection":[{"href":"https:\/\/makeupatelier.ee\/pood\/wp-json\/wp\/v2\/product"}],"about":[{"href":"https:\/\/makeupatelier.ee\/pood\/wp-json\/wp\/v2\/types\/product"}],"replies":[{"embeddable":true,"href":"https:\/\/makeupatelier.ee\/pood\/wp-json\/wp\/v2\/comments?post=24805"}],"wp:featuredmedia":[{"embeddable":true,"href":"https:\/\/makeupatelier.ee\/pood\/wp-json\/wp\/v2\/media\/24804"}],"wp:attachment":[{"href":"https:\/\/makeupatelier.ee\/pood\/wp-json\/wp\/v2\/media?parent=24805"}],"wp:term":[{"taxonomy":"product_cat","embeddable":true,"href":"https:\/\/makeupatelier.ee\/pood\/wp-json\/wp\/v2\/product_cat?post=24805"},{"taxonomy":"product_tag","embeddable":true,"href":"https:\/\/makeupatelier.ee\/pood\/wp-json\/wp\/v2\/product_tag?post=24805"}],"curies":[{"name":"wp","href":"https:\/\/api.w.org\/{rel}","templated":true}]}}