{"id":24797,"date":"2024-09-05T14:08:50","date_gmt":"2024-09-05T11:08:50","guid":{"rendered":"http:\/\/makeupatelier.ee\/pood\/product\/balmain-tarvikute-kott-juuksurile-suur\/"},"modified":"2025-07-10T03:37:37","modified_gmt":"2025-07-10T00:37:37","slug":"balmain-tarvikute-kott-juuksurile-suur","status":"publish","type":"product","link":"https:\/\/makeupatelier.ee\/pood\/product\/balmain-tarvikute-kott-juuksurile-suur\/","title":{"rendered":"BALMAIN Tarvikute kott juuksurile (suur)"},"content":{"rendered":"","protected":false},"excerpt":{"rendered":"<p>Backstage Bag \u2013 juuksurile m\u00f5eldud mahukas tarvikute kott on v\u00e4lja t\u00f6\u00f6tatud Balmain stilistide poolt, kes t\u00f6\u00f6tavad moelava taga. Mahuta k\u00f5ik valjalik \u00fchte kotti!<\/p>\n<p>* 4 kuumakindlat taskut,<br \/>\n* tasku f\u00f6\u00f6ni ja diffuuseri jaoks<br \/>\n* mitmed l\u00e4bipaistvad taskud<br \/>\n* reguleeritav ja \u00e4rav\u00f5etav rihm<br \/>\n* k\u00f5va p\u00f5hi<br \/>\n* integreeritud tasku k\u00e4\u00e4ridele<\/p>\n","protected":false},"featured_media":24796,"comment_status":"open","ping_status":"closed","template":"","meta":[],"product_cat":[210],"product_tag":[],"class_list":{"0":"post-24797","1":"product","2":"type-product","3":"status-publish","4":"has-post-thumbnail","6":"product_cat-kinkekomplektid","8":"first","9":"instock","10":"taxable","11":"shipping-taxable","12":"purchasable","13":"product-type-simple"},"aioseo_notices":[],"_links":{"self":[{"href":"https:\/\/makeupatelier.ee\/pood\/wp-json\/wp\/v2\/product\/24797","targetHints":{"allow":["GET"]}}],"collection":[{"href":"https:\/\/makeupatelier.ee\/pood\/wp-json\/wp\/v2\/product"}],"about":[{"href":"https:\/\/makeupatelier.ee\/pood\/wp-json\/wp\/v2\/types\/product"}],"replies":[{"embeddable":true,"href":"https:\/\/makeupatelier.ee\/pood\/wp-json\/wp\/v2\/comments?post=24797"}],"wp:featuredmedia":[{"embeddable":true,"href":"https:\/\/makeupatelier.ee\/pood\/wp-json\/wp\/v2\/media\/24796"}],"wp:attachment":[{"href":"https:\/\/makeupatelier.ee\/pood\/wp-json\/wp\/v2\/media?parent=24797"}],"wp:term":[{"taxonomy":"product_cat","embeddable":true,"href":"https:\/\/makeupatelier.ee\/pood\/wp-json\/wp\/v2\/product_cat?post=24797"},{"taxonomy":"product_tag","embeddable":true,"href":"https:\/\/makeupatelier.ee\/pood\/wp-json\/wp\/v2\/product_tag?post=24797"}],"curies":[{"name":"wp","href":"https:\/\/api.w.org\/{rel}","templated":true}]}}