{"id":24793,"date":"2024-09-05T11:08:49","date_gmt":"2024-09-05T11:08:49","guid":{"rendered":"http:\/\/makeupatelier.ee\/pood\/product\/jumestuskreemi-kasn\/"},"modified":"2025-07-10T03:37:36","modified_gmt":"2025-07-10T00:37:36","slug":"jumestuskreemi-kasn","status":"publish","type":"product","link":"https:\/\/makeupatelier.ee\/pood\/product\/jumestuskreemi-kasn\/","title":{"rendered":"Jumestuskreemi k\u00e4sn"},"content":{"rendered":"","protected":false},"excerpt":{"rendered":"<p>\u00dcmmarguse kujuga, pehme tekstuuriga ja mugava pealispinnaga jumestusk\u00e4sn. \u00d5rn nahale.<br \/>\nSobib kasutamiseks nii m\u00e4rjalt kui ka kuivalt. Pestav ja korduvkasutatav. Diameeter 5,5 cm<\/p>\n","protected":false},"featured_media":24792,"comment_status":"open","ping_status":"closed","template":"","meta":[],"product_cat":[214],"product_tag":[],"class_list":{"0":"post-24793","1":"product","2":"type-product","3":"status-publish","4":"has-post-thumbnail","6":"product_cat-tarvikud","8":"first","9":"instock","10":"taxable","11":"shipping-taxable","12":"purchasable","13":"product-type-simple"},"aioseo_notices":[],"_links":{"self":[{"href":"https:\/\/makeupatelier.ee\/pood\/wp-json\/wp\/v2\/product\/24793","targetHints":{"allow":["GET"]}}],"collection":[{"href":"https:\/\/makeupatelier.ee\/pood\/wp-json\/wp\/v2\/product"}],"about":[{"href":"https:\/\/makeupatelier.ee\/pood\/wp-json\/wp\/v2\/types\/product"}],"replies":[{"embeddable":true,"href":"https:\/\/makeupatelier.ee\/pood\/wp-json\/wp\/v2\/comments?post=24793"}],"wp:featuredmedia":[{"embeddable":true,"href":"https:\/\/makeupatelier.ee\/pood\/wp-json\/wp\/v2\/media\/24792"}],"wp:attachment":[{"href":"https:\/\/makeupatelier.ee\/pood\/wp-json\/wp\/v2\/media?parent=24793"}],"wp:term":[{"taxonomy":"product_cat","embeddable":true,"href":"https:\/\/makeupatelier.ee\/pood\/wp-json\/wp\/v2\/product_cat?post=24793"},{"taxonomy":"product_tag","embeddable":true,"href":"https:\/\/makeupatelier.ee\/pood\/wp-json\/wp\/v2\/product_tag?post=24793"}],"curies":[{"name":"wp","href":"https:\/\/api.w.org\/{rel}","templated":true}]}}