{"id":24789,"date":"2024-09-05T11:08:48","date_gmt":"2024-09-05T11:08:48","guid":{"rendered":"http:\/\/makeupatelier.ee\/pood\/product\/balmain-vaporizer-silk-perfume\/"},"modified":"2026-03-06T02:00:12","modified_gmt":"2026-03-06T00:00:12","slug":"balmain-vaporizer-silk-perfume","status":"publish","type":"product","link":"https:\/\/makeupatelier.ee\/pood\/product\/balmain-vaporizer-silk-perfume\/","title":{"rendered":"BALMAIN Vaporizer Silk Perfume"},"content":{"rendered":"","protected":false},"excerpt":{"rendered":"<p>Silk Perfume l\u00e4ikespreile on v\u00f5imalik juurde soetada sptesiaalne pihusti, mis kingib tootele eriti Pariisliku atmosf\u00e4\u00e4ri ja tagab l\u00e4ikesprei optimaalse pealekandmise. See v\u00f5imaldab pihustada l\u00e4iget eriti peenelt, andes juustele kauni ja \u00fchtlase s\u00e4ra terveks p\u00e4evaks.<\/p>\n<p>Pihustit m\u00fc\u00fcakse Silk Perfume l\u00e4ikespreist eraldi v\u00f5i ka luksusliku kinkekomplektiga Silk Perfume Set, mis on kaunis kingiidee!<\/p>\n","protected":false},"featured_media":24788,"comment_status":"open","ping_status":"closed","template":"","meta":[],"product_cat":[205],"product_tag":[],"class_list":{"0":"post-24789","1":"product","2":"type-product","3":"status-publish","4":"has-post-thumbnail","6":"product_cat-hair-couture","8":"first","9":"instock","10":"taxable","11":"shipping-taxable","12":"purchasable","13":"product-type-simple"},"aioseo_notices":[],"_links":{"self":[{"href":"https:\/\/makeupatelier.ee\/pood\/wp-json\/wp\/v2\/product\/24789","targetHints":{"allow":["GET"]}}],"collection":[{"href":"https:\/\/makeupatelier.ee\/pood\/wp-json\/wp\/v2\/product"}],"about":[{"href":"https:\/\/makeupatelier.ee\/pood\/wp-json\/wp\/v2\/types\/product"}],"replies":[{"embeddable":true,"href":"https:\/\/makeupatelier.ee\/pood\/wp-json\/wp\/v2\/comments?post=24789"}],"wp:featuredmedia":[{"embeddable":true,"href":"https:\/\/makeupatelier.ee\/pood\/wp-json\/wp\/v2\/media\/24788"}],"wp:attachment":[{"href":"https:\/\/makeupatelier.ee\/pood\/wp-json\/wp\/v2\/media?parent=24789"}],"wp:term":[{"taxonomy":"product_cat","embeddable":true,"href":"https:\/\/makeupatelier.ee\/pood\/wp-json\/wp\/v2\/product_cat?post=24789"},{"taxonomy":"product_tag","embeddable":true,"href":"https:\/\/makeupatelier.ee\/pood\/wp-json\/wp\/v2\/product_tag?post=24789"}],"curies":[{"name":"wp","href":"https:\/\/api.w.org\/{rel}","templated":true}]}}