{"id":24762,"date":"2024-09-05T14:08:36","date_gmt":"2024-09-05T11:08:36","guid":{"rendered":"http:\/\/makeupatelier.ee\/pood\/product\/kreemlauvarv\/"},"modified":"2026-03-06T02:00:16","modified_gmt":"2026-03-06T00:00:16","slug":"kreemlauvarv","status":"publish","type":"product","link":"https:\/\/makeupatelier.ee\/pood\/product\/kreemlauvarv\/","title":{"rendered":"Kreemlauv\u00e4rv"},"content":{"rendered":"<p style=\"margin: 0px;font-size: 10.1px;line-height: normal;font-family: Arial\">ISODODECANE, POLYPROPYLSILSESQUIOXANE, TRIMETHYLSILOXYSILICATE, C30-45 ALKYLDIMETHYLSILYL POLYPROPYLSILSESQUIOXANE, GLYCERYL STEARATE, ISOPROPYLE MYRISTATE, TOCOPHERYL ACETATE, RETINYL PALMITATE, SILICA DIMETHYL SILYLATE, PROPYLENE CARBONATE, BENZYL ALCOHOL, DEHYDROACETIC ACID. (+\/-) PEUT CONTENIR\/MAY CONTAIN: TITANIUM DIOXIDE (CI 77891), IRON OXIDES (CI 77492, CI 77491, CI 77499), CARMINE (CI 75470), CHROMIUM HYDROXIDE GREEN (CI 77289), CHROMIUM OXIDE GREENS (CI 77288), ULTRAMARINES (CI 77007), BLUE 1 LAKE (CI 42090), YELLOW 5 LAKE (CI 19140), FERRIC FERROCYANIDE (CI 77510), BISMUTH OXYCHLORIDE (CI 77163), MANGANESE VIOLET (CI 77742). NOT TESTED ON ANIMALS<\/p>\n","protected":false},"excerpt":{"rendered":"<p>Vastupidav kiiresti kuivav kreemjas lauv\u00e4rv. T\u00e4nu pehmele tekstuurile ei vaju v\u00e4rv kortsukestesse ega r\u00f5huta neid.<br \/>\nL\u00f5hnaainete vaba.<br \/>\n4g<\/p>\n","protected":false},"featured_media":24761,"comment_status":"open","ping_status":"closed","template":"","meta":[],"product_cat":[197],"product_tag":[],"class_list":{"0":"post-24762","1":"product","2":"type-product","3":"status-publish","4":"has-post-thumbnail","6":"product_cat-lauvarvid","8":"first","9":"instock","10":"taxable","11":"shipping-taxable","12":"purchasable","13":"product-type-variable"},"aioseo_notices":[],"_links":{"self":[{"href":"https:\/\/makeupatelier.ee\/pood\/wp-json\/wp\/v2\/product\/24762","targetHints":{"allow":["GET"]}}],"collection":[{"href":"https:\/\/makeupatelier.ee\/pood\/wp-json\/wp\/v2\/product"}],"about":[{"href":"https:\/\/makeupatelier.ee\/pood\/wp-json\/wp\/v2\/types\/product"}],"replies":[{"embeddable":true,"href":"https:\/\/makeupatelier.ee\/pood\/wp-json\/wp\/v2\/comments?post=24762"}],"wp:featuredmedia":[{"embeddable":true,"href":"https:\/\/makeupatelier.ee\/pood\/wp-json\/wp\/v2\/media\/24761"}],"wp:attachment":[{"href":"https:\/\/makeupatelier.ee\/pood\/wp-json\/wp\/v2\/media?parent=24762"}],"wp:term":[{"taxonomy":"product_cat","embeddable":true,"href":"https:\/\/makeupatelier.ee\/pood\/wp-json\/wp\/v2\/product_cat?post=24762"},{"taxonomy":"product_tag","embeddable":true,"href":"https:\/\/makeupatelier.ee\/pood\/wp-json\/wp\/v2\/product_tag?post=24762"}],"curies":[{"name":"wp","href":"https:\/\/api.w.org\/{rel}","templated":true}]}}