{"id":24760,"date":"2024-09-05T14:08:36","date_gmt":"2024-09-05T11:08:36","guid":{"rendered":"http:\/\/makeupatelier.ee\/pood\/product\/hd-fluid-jumestuskreem\/"},"modified":"2026-03-10T02:00:14","modified_gmt":"2026-03-10T00:00:14","slug":"hd-fluid-jumestuskreem","status":"publish","type":"product","link":"https:\/\/makeupatelier.ee\/pood\/product\/hd-fluid-jumestuskreem\/","title":{"rendered":"HD FLUID Jumestuskreem"},"content":{"rendered":"<p style=\"margin: 0px;font-size: 10.1px;line-height: normal;font-family: Arial\">AQUA PURIFICATA\/WATER\/EAU, CYCLOPENTASILOXANE, PEG\/PPG-18\/18 DIMETHICONE, BUTYLENE GLYCOL, CYCLOMETHICONE, TRIMETHYL SILOXYSILICATE, DIMETHICONE, CYCLOMETHICONE\/DIMETHICONE CROSSPOLYMER, BIS-HYDROXYETHOXYPROPYL DIMETHICONE, ALUMINUM \/ MAGNESIUM HYDROXIDE STEARATE, MAGNESIUM ALUMINUM SILICATE, SODIUM CHLORIDE, DEHYDROACETIC ACID, BENZYL ALCOHOL. (+\/-) PEUT CONTENIR\/MAY CONTAIN: TITANIUM DIOXIDE (CI 77891), IRON OXIDES ( CI 77492, CI 77491,CI 77499), CHROMIUM OXIDE GREEN (CI 77288). NOT TESTED ON ANIMALS.<\/p>\n","protected":false},"excerpt":{"rendered":"<p>ULTRA\u00d5HUKE vedel emulsioon, mis tagab veatu jume ja j\u00e4\u00e4b kaameral t\u00e4iesti m\u00e4rkamatuks.  HD jumestuskreemi koostises on silikoonvaik ning h\u00e4sti katvad pigmendid, mis tagavad kauap\u00fcsiva ja veekindla jumestuse. Toode kuulub uue generatsiooni toodete hulka, mis katab naha ebatasasused j\u00e4ttes loomuliku tulemuse. Spetsiaalselt v\u00e4lja t\u00f6\u00f6tatud HD-filmide ja k\u00f5rge resolutsiooniga fotosessioonide tarbeks.<br \/>\nPEALEKANDMINE: Sobib kasutamiseks aerograafi, \u0161vammi v\u00f5i pintsliga.. L\u00f5hnaainete vaba.<br \/>\nSiidine ja kergesti hajutatav tekstuur, mis tagab hea katvuse ilma raskustundeta.<br \/>\nMittekomedogeenne ja mitteummistav koostis, mis laseb nahal hingata.<\/p>\n<p>30 ml<\/p>\n","protected":false},"featured_media":24759,"comment_status":"open","ping_status":"closed","template":"","meta":[],"product_cat":[193],"product_tag":[],"class_list":{"0":"post-24760","1":"product","2":"type-product","3":"status-publish","4":"has-post-thumbnail","6":"product_cat-jumestuskreemid","8":"first","9":"instock","10":"taxable","11":"shipping-taxable","12":"purchasable","13":"product-type-variable"},"aioseo_notices":[],"_links":{"self":[{"href":"https:\/\/makeupatelier.ee\/pood\/wp-json\/wp\/v2\/product\/24760","targetHints":{"allow":["GET"]}}],"collection":[{"href":"https:\/\/makeupatelier.ee\/pood\/wp-json\/wp\/v2\/product"}],"about":[{"href":"https:\/\/makeupatelier.ee\/pood\/wp-json\/wp\/v2\/types\/product"}],"replies":[{"embeddable":true,"href":"https:\/\/makeupatelier.ee\/pood\/wp-json\/wp\/v2\/comments?post=24760"}],"wp:featuredmedia":[{"embeddable":true,"href":"https:\/\/makeupatelier.ee\/pood\/wp-json\/wp\/v2\/media\/24759"}],"wp:attachment":[{"href":"https:\/\/makeupatelier.ee\/pood\/wp-json\/wp\/v2\/media?parent=24760"}],"wp:term":[{"taxonomy":"product_cat","embeddable":true,"href":"https:\/\/makeupatelier.ee\/pood\/wp-json\/wp\/v2\/product_cat?post=24760"},{"taxonomy":"product_tag","embeddable":true,"href":"https:\/\/makeupatelier.ee\/pood\/wp-json\/wp\/v2\/product_tag?post=24760"}],"curies":[{"name":"wp","href":"https:\/\/api.w.org\/{rel}","templated":true}]}}