{"id":24758,"date":"2024-09-05T14:08:35","date_gmt":"2024-09-05T11:08:35","guid":{"rendered":"http:\/\/makeupatelier.ee\/pood\/product\/liquid-highlighter\/"},"modified":"2026-03-04T12:03:06","modified_gmt":"2026-03-04T10:03:06","slug":"liquid-highlighter","status":"publish","type":"product","link":"https:\/\/makeupatelier.ee\/pood\/product\/liquid-highlighter\/","title":{"rendered":"LIQUID HIGHLIGHTER"},"content":{"rendered":"","protected":false},"excerpt":{"rendered":"<p>Vedel highlighter<br \/>\nLoo loomulikult s\u00e4rav ja kumav jume vedela highlighter&#8217;iga! Kerge ja siidjas emulsioon, mis sulandub nahaga ideaalselt, andes sellele kauni valgust peegeldava efekti. Sobib kasutamiseks nii jumestuskreemi all, peale kui ka segatuna jumestuskreemiga \u2014 tulemuseks v\u00e4rske ja eluj\u00f5uline v\u00e4limus.<\/p>\n<p>Kogus: 15 ml<\/p>\n","protected":false},"featured_media":24757,"comment_status":"open","ping_status":"closed","template":"","meta":[],"product_cat":[203],"product_tag":[],"class_list":{"0":"post-24758","1":"product","2":"type-product","3":"status-publish","4":"has-post-thumbnail","6":"product_cat-modelleering","8":"first","9":"instock","10":"taxable","11":"shipping-taxable","12":"purchasable","13":"product-type-variable"},"aioseo_notices":[],"_links":{"self":[{"href":"https:\/\/makeupatelier.ee\/pood\/wp-json\/wp\/v2\/product\/24758","targetHints":{"allow":["GET"]}}],"collection":[{"href":"https:\/\/makeupatelier.ee\/pood\/wp-json\/wp\/v2\/product"}],"about":[{"href":"https:\/\/makeupatelier.ee\/pood\/wp-json\/wp\/v2\/types\/product"}],"replies":[{"embeddable":true,"href":"https:\/\/makeupatelier.ee\/pood\/wp-json\/wp\/v2\/comments?post=24758"}],"wp:featuredmedia":[{"embeddable":true,"href":"https:\/\/makeupatelier.ee\/pood\/wp-json\/wp\/v2\/media\/24757"}],"wp:attachment":[{"href":"https:\/\/makeupatelier.ee\/pood\/wp-json\/wp\/v2\/media?parent=24758"}],"wp:term":[{"taxonomy":"product_cat","embeddable":true,"href":"https:\/\/makeupatelier.ee\/pood\/wp-json\/wp\/v2\/product_cat?post=24758"},{"taxonomy":"product_tag","embeddable":true,"href":"https:\/\/makeupatelier.ee\/pood\/wp-json\/wp\/v2\/product_tag?post=24758"}],"curies":[{"name":"wp","href":"https:\/\/api.w.org\/{rel}","templated":true}]}}