{"id":24750,"date":"2024-09-05T11:08:31","date_gmt":"2024-09-05T11:08:31","guid":{"rendered":"http:\/\/makeupatelier.ee\/pood\/product\/pintsel-p20s\/"},"modified":"2026-02-03T02:00:11","modified_gmt":"2026-02-03T00:00:11","slug":"pintsel-p20s","status":"publish","type":"product","link":"https:\/\/makeupatelier.ee\/pood\/product\/pintsel-p20s\/","title":{"rendered":"Pintsel P20S"},"content":{"rendered":"","protected":false},"excerpt":{"rendered":"<p>S\u00fcnteetiliste harjastega pintsel sobib h\u00e4sti t\u00e4pse contouri ja p\u00f5sepuna pealekandmiseks ja hajutamiseks.<\/p>\n","protected":false},"featured_media":24749,"comment_status":"open","ping_status":"closed","template":"","meta":[],"product_cat":[201],"product_tag":[],"class_list":{"0":"post-24750","1":"product","2":"type-product","3":"status-publish","4":"has-post-thumbnail","6":"product_cat-pintslid","8":"first","9":"instock","10":"taxable","11":"shipping-taxable","12":"purchasable","13":"product-type-simple"},"aioseo_notices":[],"_links":{"self":[{"href":"https:\/\/makeupatelier.ee\/pood\/wp-json\/wp\/v2\/product\/24750","targetHints":{"allow":["GET"]}}],"collection":[{"href":"https:\/\/makeupatelier.ee\/pood\/wp-json\/wp\/v2\/product"}],"about":[{"href":"https:\/\/makeupatelier.ee\/pood\/wp-json\/wp\/v2\/types\/product"}],"replies":[{"embeddable":true,"href":"https:\/\/makeupatelier.ee\/pood\/wp-json\/wp\/v2\/comments?post=24750"}],"wp:featuredmedia":[{"embeddable":true,"href":"https:\/\/makeupatelier.ee\/pood\/wp-json\/wp\/v2\/media\/24749"}],"wp:attachment":[{"href":"https:\/\/makeupatelier.ee\/pood\/wp-json\/wp\/v2\/media?parent=24750"}],"wp:term":[{"taxonomy":"product_cat","embeddable":true,"href":"https:\/\/makeupatelier.ee\/pood\/wp-json\/wp\/v2\/product_cat?post=24750"},{"taxonomy":"product_tag","embeddable":true,"href":"https:\/\/makeupatelier.ee\/pood\/wp-json\/wp\/v2\/product_tag?post=24750"}],"curies":[{"name":"wp","href":"https:\/\/api.w.org\/{rel}","templated":true}]}}