{"id":24744,"date":"2024-09-05T14:08:30","date_gmt":"2024-09-05T11:08:30","guid":{"rendered":"http:\/\/makeupatelier.ee\/pood\/product\/balmain-voluumi-lisav-juuksepalsam-300-ml\/"},"modified":"2025-08-13T03:00:07","modified_gmt":"2025-08-13T00:00:07","slug":"balmain-voluumi-lisav-juuksepalsam-300-ml","status":"publish","type":"product","link":"https:\/\/makeupatelier.ee\/pood\/product\/balmain-voluumi-lisav-juuksepalsam-300-ml\/","title":{"rendered":"BALMAIN Vol\u00fc\u00fcmi lisav juuksepalsam 300 ml"},"content":{"rendered":"<div class=\"page\" style=\", sans-serif;font-size: 14px;\" title=\"Page 21\">\n<div class=\"section\">\n<div class=\"layoutArea\">\n<div class=\"column\">\n<p><i>VOL\u00dc\u00dcMI ANDEV SARI<\/i><\/p>\n<p><i><em>Palsam kuulub vol\u00fc\u00fcmi andva tootesarja valikusse.\u00a0<\/em>Luksuslik ja kaalutu sari igap\u00e4evaseks kasutamiseks lisab \u00f5hukestele ja peenetele juustele silmapaistvat kohevust. Tulemuseks s\u00e4ravad, tugevad, pehmed ja perfektselt viimistletud juuksed. Parabeeni ja sulfaadivaba.\u00a0<\/i><\/p>\n<p><em><strong>Kasutamine<\/strong><\/em>:\u00a0<em>Kanna r\u00e4tikukuivadele juustele, masseeri \u00f5rnalt 3 minuti jooksul, seej\u00e4rel loputa hoolikalt.<\/em><\/p>\n<p><strong><em>Koostis:\u00a0<\/em><\/strong><em>Cyclopentasiloxane, Dimethicone, Argania Spinoza Kernel Oil, Silk Amino Acids, Simmondsia Chinensis (Jojoba) Seed Oil, Prunus Amygdalus Dulcis Oil, Ethylhexyl Methoxycinnamate, Parfum.<\/em><\/p>\n<\/div>\n<\/div>\n<\/div>\n<\/div>\n<p style=\", sans-serif;font-size: 14px;\">\n","protected":false},"excerpt":{"rendered":"<p>Vol\u00fc\u00fcmi andev palsam \u00f5hukestele juustele<\/p>\n<p>Kohevust andev palsam toidab ja hooldab juukseid. Palsami kaalutu koostis lisab kohevust ja vol\u00fc\u00fcmi. Parabeeni- ja sulfaadivaba.<\/p>\n<p>\u2022 Kaalutu koostisega vol\u00fc\u00fcmi andev palsam<br \/>\n\u2022 Tugevdab ja kaitseb juukseid<br \/>\n\u2022 Parabeeni- ja sulfaadivaba<\/p>\n<p>Kogus: 300 ml<\/p>\n","protected":false},"featured_media":24743,"comment_status":"open","ping_status":"closed","template":"","meta":[],"product_cat":[207],"product_tag":[],"class_list":{"0":"post-24744","1":"product","2":"type-product","3":"status-publish","4":"has-post-thumbnail","6":"product_cat-hooldus","8":"first","9":"instock","10":"sale","11":"taxable","12":"shipping-taxable","13":"purchasable","14":"product-type-simple"},"aioseo_notices":[],"_links":{"self":[{"href":"https:\/\/makeupatelier.ee\/pood\/wp-json\/wp\/v2\/product\/24744","targetHints":{"allow":["GET"]}}],"collection":[{"href":"https:\/\/makeupatelier.ee\/pood\/wp-json\/wp\/v2\/product"}],"about":[{"href":"https:\/\/makeupatelier.ee\/pood\/wp-json\/wp\/v2\/types\/product"}],"replies":[{"embeddable":true,"href":"https:\/\/makeupatelier.ee\/pood\/wp-json\/wp\/v2\/comments?post=24744"}],"wp:featuredmedia":[{"embeddable":true,"href":"https:\/\/makeupatelier.ee\/pood\/wp-json\/wp\/v2\/media\/24743"}],"wp:attachment":[{"href":"https:\/\/makeupatelier.ee\/pood\/wp-json\/wp\/v2\/media?parent=24744"}],"wp:term":[{"taxonomy":"product_cat","embeddable":true,"href":"https:\/\/makeupatelier.ee\/pood\/wp-json\/wp\/v2\/product_cat?post=24744"},{"taxonomy":"product_tag","embeddable":true,"href":"https:\/\/makeupatelier.ee\/pood\/wp-json\/wp\/v2\/product_tag?post=24744"}],"curies":[{"name":"wp","href":"https:\/\/api.w.org\/{rel}","templated":true}]}}