{"id":24742,"date":"2024-09-05T14:08:27","date_gmt":"2024-09-05T11:08:27","guid":{"rendered":"http:\/\/makeupatelier.ee\/pood\/product\/tolmpuuder-2\/"},"modified":"2026-01-12T17:04:13","modified_gmt":"2026-01-12T15:04:13","slug":"tolmpuuder-2","status":"publish","type":"product","link":"https:\/\/makeupatelier.ee\/pood\/product\/tolmpuuder-2\/","title":{"rendered":"Tolmpuuder 8g"},"content":{"rendered":"<p style=\"margin: 0px;font-size: 10.1px;line-height: normal;font-family: Arial\">SILICA HYDRATED MAGNESIUM SILICA, NYLON 12. (+\/-)PEUT CONTENIR\/MAY CONTAIN: TITANIUM DIOXIDE (CI 77891), IRON OXIDES ( CI 77492, CI 77491,CI 77499), CHROMIUM OXIDE GREEN (CI 77288).NOT TESTED ON ANIMALS.<\/p>\n","protected":false},"excerpt":{"rendered":"<p>Tolmpuuder kinnitub h\u00e4sti nahale j\u00e4ttes loomuliku mati tulemuse. Puudri koostises olev r\u00e4nipulber imab kergesti rasu ja kaotab l\u00e4ike.<br \/>\nKanna peale puurdipadjaga ning eemalda liigne pintsliga.<\/p>\n<p>8 g<\/p>\n","protected":false},"featured_media":24741,"comment_status":"open","ping_status":"closed","template":"","meta":[],"product_cat":[195],"product_tag":[],"class_list":{"0":"post-24742","1":"product","2":"type-product","3":"status-publish","4":"has-post-thumbnail","6":"product_cat-puudrid","8":"first","9":"instock","10":"taxable","11":"shipping-taxable","12":"purchasable","13":"product-type-variable"},"aioseo_notices":[],"_links":{"self":[{"href":"https:\/\/makeupatelier.ee\/pood\/wp-json\/wp\/v2\/product\/24742","targetHints":{"allow":["GET"]}}],"collection":[{"href":"https:\/\/makeupatelier.ee\/pood\/wp-json\/wp\/v2\/product"}],"about":[{"href":"https:\/\/makeupatelier.ee\/pood\/wp-json\/wp\/v2\/types\/product"}],"replies":[{"embeddable":true,"href":"https:\/\/makeupatelier.ee\/pood\/wp-json\/wp\/v2\/comments?post=24742"}],"wp:featuredmedia":[{"embeddable":true,"href":"https:\/\/makeupatelier.ee\/pood\/wp-json\/wp\/v2\/media\/24741"}],"wp:attachment":[{"href":"https:\/\/makeupatelier.ee\/pood\/wp-json\/wp\/v2\/media?parent=24742"}],"wp:term":[{"taxonomy":"product_cat","embeddable":true,"href":"https:\/\/makeupatelier.ee\/pood\/wp-json\/wp\/v2\/product_cat?post=24742"},{"taxonomy":"product_tag","embeddable":true,"href":"https:\/\/makeupatelier.ee\/pood\/wp-json\/wp\/v2\/product_tag?post=24742"}],"curies":[{"name":"wp","href":"https:\/\/api.w.org\/{rel}","templated":true}]}}