{"id":24738,"date":"2024-09-05T14:08:26","date_gmt":"2024-09-05T11:08:26","guid":{"rendered":"http:\/\/makeupatelier.ee\/pood\/product\/hd-fluid-blush\/"},"modified":"2026-03-06T13:17:08","modified_gmt":"2026-03-06T11:17:08","slug":"hd-fluid-blush","status":"publish","type":"product","link":"https:\/\/makeupatelier.ee\/pood\/product\/hd-fluid-blush\/","title":{"rendered":"HD FLUID BLUSH"},"content":{"rendered":"","protected":false},"excerpt":{"rendered":"<p>HD vedel p\u00f5sepuna \u2013 veekindel silikoonemulsioon, mis on vastupidav vee, higi ja rasu suhtes. Annab p\u00f5sesarnadele kauni kuma ja vol\u00fc\u00fcmi, v\u00e4ga kerge ning loomuliku l\u00e4bikumava tulemuse.<br \/>\n\u00d5huline tekstuur v\u00f5imaldab luua nahale loomuliku ja l\u00e4bipaistva p\u00f5sepunaefekti.<br \/>\nSisaldab s\u00fcnteetilisi \u00f5lisid, millel on pehmendav ja niisutav toime.<\/p>\n<p>30 ml<\/p>\n","protected":false},"featured_media":28350,"comment_status":"open","ping_status":"closed","template":"","meta":[],"product_cat":[196],"product_tag":[],"class_list":{"0":"post-24738","1":"product","2":"type-product","3":"status-publish","4":"has-post-thumbnail","6":"product_cat-posepunad","8":"first","9":"instock","10":"taxable","11":"shipping-taxable","12":"purchasable","13":"product-type-variable"},"aioseo_notices":[],"_links":{"self":[{"href":"https:\/\/makeupatelier.ee\/pood\/wp-json\/wp\/v2\/product\/24738","targetHints":{"allow":["GET"]}}],"collection":[{"href":"https:\/\/makeupatelier.ee\/pood\/wp-json\/wp\/v2\/product"}],"about":[{"href":"https:\/\/makeupatelier.ee\/pood\/wp-json\/wp\/v2\/types\/product"}],"replies":[{"embeddable":true,"href":"https:\/\/makeupatelier.ee\/pood\/wp-json\/wp\/v2\/comments?post=24738"}],"wp:featuredmedia":[{"embeddable":true,"href":"https:\/\/makeupatelier.ee\/pood\/wp-json\/wp\/v2\/media\/28350"}],"wp:attachment":[{"href":"https:\/\/makeupatelier.ee\/pood\/wp-json\/wp\/v2\/media?parent=24738"}],"wp:term":[{"taxonomy":"product_cat","embeddable":true,"href":"https:\/\/makeupatelier.ee\/pood\/wp-json\/wp\/v2\/product_cat?post=24738"},{"taxonomy":"product_tag","embeddable":true,"href":"https:\/\/makeupatelier.ee\/pood\/wp-json\/wp\/v2\/product_tag?post=24738"}],"curies":[{"name":"wp","href":"https:\/\/api.w.org\/{rel}","templated":true}]}}