{"id":24732,"date":"2024-09-05T14:08:20","date_gmt":"2024-09-05T11:08:20","guid":{"rendered":"http:\/\/makeupatelier.ee\/pood\/product\/hd-posepuna\/"},"modified":"2026-03-31T11:56:16","modified_gmt":"2026-03-31T08:56:16","slug":"hd-posepuna","status":"publish","type":"product","link":"https:\/\/makeupatelier.ee\/pood\/product\/hd-posepuna\/","title":{"rendered":"HD p\u00f5sepuna"},"content":{"rendered":"<p style=\"margin: 0px;font-size: 10.1px;line-height: normal;font-family: Arial\">AQUA PURIFICATA\/WATER\/EAU, CYCLOPENTASILOXANE, PEG\/PPG-18\/18 DIMETHICONE, BUTYLENE GLYCOL, CYCLOMETHICONE, TRIMETHYL SILOXYSILICATE, DIMETHICONE, CYCLOMETHICONE\/DIMETHICONE CROSSPOLYMER, BIS-HYDROXYETHOXYPROPYL DIMETHICONE, ALUMINUM \/ MAGNESIUM HYDROXIDE STEARATE, MAGNESIUM ALUMINUM SILICATE, SODIUM CHLORIDE, DEHYDROACETIC ACID, BENZYL ALCOHOL. (+\/-)PEUT CONTENIR\/MAY CONTAIN: MICA (CI 77019), TITANIUM DIOXIDE (CI 77891),IRON OXIDES (CI 77491, CI 77492, CI 77499), BISMUTH OXYCHLORIDE (CI 77163), BLUE 1 LAKE (CI 42090), CARMINE (CI 75470), RED 6 (CI 15850), RED 6 LAKE (CI 15850), RED 7 LAKE (CI 15850), RED 21 (CI 45380), RED 28 LAKE (CI 45410), RED 30 LAKE (CI 73360), YELLOW 5 LAKE (CI 19140), RED 33 LAKE (CI 17200), YELLOW 6 LAKE (CI 15985). NOT TESTED ON ANIMALS.<\/p>\n","protected":false},"excerpt":{"rendered":"<p>HD p\u00f5sepuna on veekindel ja sisaldab silikooni emulsiooni. HD p\u00f5sepuna j\u00e4tab p\u00f5sesarnadest vol\u00fc\u00fcmikama mulje, kuid tulemus j\u00e4\u00e4b siiski naturaalne ning l\u00e4bikumav. \u00d5livaba- sobib k\u00f5ikidele nahat\u00fc\u00fcpidele. Toode kantakse nahale pintsli v\u00f5i airbrushi abil.<br \/>\n15ml<\/p>\n","protected":false},"featured_media":24731,"comment_status":"open","ping_status":"closed","template":"","meta":[],"product_cat":[196],"product_tag":[],"class_list":{"0":"post-24732","1":"product","2":"type-product","3":"status-publish","4":"has-post-thumbnail","6":"product_cat-posepunad","8":"first","9":"instock","10":"sale","11":"taxable","12":"shipping-taxable","13":"purchasable","14":"product-type-variable"},"aioseo_notices":[],"_links":{"self":[{"href":"https:\/\/makeupatelier.ee\/pood\/wp-json\/wp\/v2\/product\/24732","targetHints":{"allow":["GET"]}}],"collection":[{"href":"https:\/\/makeupatelier.ee\/pood\/wp-json\/wp\/v2\/product"}],"about":[{"href":"https:\/\/makeupatelier.ee\/pood\/wp-json\/wp\/v2\/types\/product"}],"replies":[{"embeddable":true,"href":"https:\/\/makeupatelier.ee\/pood\/wp-json\/wp\/v2\/comments?post=24732"}],"wp:featuredmedia":[{"embeddable":true,"href":"https:\/\/makeupatelier.ee\/pood\/wp-json\/wp\/v2\/media\/24731"}],"wp:attachment":[{"href":"https:\/\/makeupatelier.ee\/pood\/wp-json\/wp\/v2\/media?parent=24732"}],"wp:term":[{"taxonomy":"product_cat","embeddable":true,"href":"https:\/\/makeupatelier.ee\/pood\/wp-json\/wp\/v2\/product_cat?post=24732"},{"taxonomy":"product_tag","embeddable":true,"href":"https:\/\/makeupatelier.ee\/pood\/wp-json\/wp\/v2\/product_tag?post=24732"}],"curies":[{"name":"wp","href":"https:\/\/api.w.org\/{rel}","templated":true}]}}