{"id":24720,"date":"2024-09-05T14:08:11","date_gmt":"2024-09-05T11:08:11","guid":{"rendered":"http:\/\/makeupatelier.ee\/pood\/product\/kompaktpuuder\/"},"modified":"2025-11-29T02:00:13","modified_gmt":"2025-11-29T00:00:13","slug":"kompaktpuuder","status":"publish","type":"product","link":"https:\/\/makeupatelier.ee\/pood\/product\/kompaktpuuder\/","title":{"rendered":"Kompaktpuuder"},"content":{"rendered":"<p style=\"margin: 0px; font-size: 10.1px; line-height: normal; font-family: Arial;\">TALC, MAGNESIUM STEARATE, SILICA, DIMETHICONE, PARAFFINUM LIQUIDUM, HYDROGENATED POLYISOBUTENE, BENZYL ALCOHOL DEHYDROACETIC ACID. (+\/-) PEUT CONTENIR\/MAY CONTAIN: TITANIUM DIOXIDE (CI 77891), IRON OXIDES (CI 77492, CI 77491,CI 77499), CHROMIUM OXIDE GREEN (CI 77288). NOT TESTED ON ANIMALS<\/p>\n","protected":false},"excerpt":{"rendered":"<p>L\u00e4ikevastase kompaktpuudriga saavutate kauap\u00fcsiva mati jumestuse. Kasutamisel kanna pisut puudrit puudripadja v\u00f5i pintsliga n\u00e4o keskosale. Kompaktpuudri koostises on kasutatud s\u00fcnteetlist magneeriumipulbrit. Ei sisalda l\u00f5hna- ega s\u00e4ilitusaineid. Peegliga karbis.<\/p>\n<p>12 g<\/p>\n","protected":false},"featured_media":24719,"comment_status":"open","ping_status":"closed","template":"","meta":[],"product_cat":[195],"product_tag":[],"class_list":{"0":"post-24720","1":"product","2":"type-product","3":"status-publish","4":"has-post-thumbnail","6":"product_cat-puudrid","8":"first","9":"instock","10":"sale","11":"taxable","12":"shipping-taxable","13":"purchasable","14":"product-type-variable"},"aioseo_notices":[],"_links":{"self":[{"href":"https:\/\/makeupatelier.ee\/pood\/wp-json\/wp\/v2\/product\/24720","targetHints":{"allow":["GET"]}}],"collection":[{"href":"https:\/\/makeupatelier.ee\/pood\/wp-json\/wp\/v2\/product"}],"about":[{"href":"https:\/\/makeupatelier.ee\/pood\/wp-json\/wp\/v2\/types\/product"}],"replies":[{"embeddable":true,"href":"https:\/\/makeupatelier.ee\/pood\/wp-json\/wp\/v2\/comments?post=24720"}],"wp:featuredmedia":[{"embeddable":true,"href":"https:\/\/makeupatelier.ee\/pood\/wp-json\/wp\/v2\/media\/24719"}],"wp:attachment":[{"href":"https:\/\/makeupatelier.ee\/pood\/wp-json\/wp\/v2\/media?parent=24720"}],"wp:term":[{"taxonomy":"product_cat","embeddable":true,"href":"https:\/\/makeupatelier.ee\/pood\/wp-json\/wp\/v2\/product_cat?post=24720"},{"taxonomy":"product_tag","embeddable":true,"href":"https:\/\/makeupatelier.ee\/pood\/wp-json\/wp\/v2\/product_tag?post=24720"}],"curies":[{"name":"wp","href":"https:\/\/api.w.org\/{rel}","templated":true}]}}