{"id":24716,"date":"2024-09-05T14:07:59","date_gmt":"2024-09-05T11:07:59","guid":{"rendered":"http:\/\/makeupatelier.ee\/pood\/product\/matistav-praimer\/"},"modified":"2026-03-05T02:00:05","modified_gmt":"2026-03-05T00:00:05","slug":"matistav-praimer","status":"publish","type":"product","link":"https:\/\/makeupatelier.ee\/pood\/product\/matistav-praimer\/","title":{"rendered":"Matistav Praimer"},"content":{"rendered":"<p style=\"margin: 0px;font-size: 10.1px;line-height: normal;font-family: Arial\">AQUA\/WATER\/EAU, CAPRYLIC CAPRIC TRIGLYCERIDE, GLYCERIN, CETEARYL ALCOHOL, POLYSORBATE 60, PEG 150 STEARATE, CETEARETH-20, SORBITOL, MAGNESIUM ALUMINUM SILICATE, NASTURTIUM OFFINALIS EXTRACT (LEAF EXTRACT), EXTRATUM HEDERAE HELICIS (HEDERA HELIX EXTRACT), ARCTIUM MAJUS (BURDOCK ROOT EXTRACT), SALVIA OFFICINALIS EXTRACT (SAGE LEAF EXTRACT), SAPONARIA OFFICINALIS EXTRACT (SAPONARIA EXTRACT), CITRUS LIMONUM EXTRACT (LEMON EXTRACT), SODIUM LACTATE, TEA-LACTATE, SERINE, LACTIC ACID, ALLANTOIN , DEHYDROACETIC ACID, BENZYL ALCOHOL. NOT TESTED ON ANIMALS<\/p>\n","protected":false},"excerpt":{"rendered":"<p>Primer ehk meigialuskreem. \u00d5livaba niisutav aluskreem. Kreemi koostises on erinevate taimede ekstrakte ning s\u00fcnteetlist peenet magneesiumaluminometasilikaadi pulbrit, mis takistavad nahal rasuseks muutumist. Jumestus p\u00fcsib terve p\u00e4eva matina. \u00dchendab endas taimset kompleksi rasuse, noore ja aknele kalduva naha hooldamiseks. T\u00e4nu toote vedelale \u00f5livabale tekstuurile sobib see kasutamiseks nii naha kaitsmisel kui ka jumestuse aluskreemina. <\/p>\n<p>30 ml<\/p>\n","protected":false},"featured_media":24715,"comment_status":"open","ping_status":"closed","template":"","meta":[],"product_cat":[213],"product_tag":[],"class_list":{"0":"post-24716","1":"product","2":"type-product","3":"status-publish","4":"has-post-thumbnail","6":"product_cat-praimerid","8":"first","9":"instock","10":"taxable","11":"shipping-taxable","12":"purchasable","13":"product-type-simple"},"aioseo_notices":[],"_links":{"self":[{"href":"https:\/\/makeupatelier.ee\/pood\/wp-json\/wp\/v2\/product\/24716","targetHints":{"allow":["GET"]}}],"collection":[{"href":"https:\/\/makeupatelier.ee\/pood\/wp-json\/wp\/v2\/product"}],"about":[{"href":"https:\/\/makeupatelier.ee\/pood\/wp-json\/wp\/v2\/types\/product"}],"replies":[{"embeddable":true,"href":"https:\/\/makeupatelier.ee\/pood\/wp-json\/wp\/v2\/comments?post=24716"}],"wp:featuredmedia":[{"embeddable":true,"href":"https:\/\/makeupatelier.ee\/pood\/wp-json\/wp\/v2\/media\/24715"}],"wp:attachment":[{"href":"https:\/\/makeupatelier.ee\/pood\/wp-json\/wp\/v2\/media?parent=24716"}],"wp:term":[{"taxonomy":"product_cat","embeddable":true,"href":"https:\/\/makeupatelier.ee\/pood\/wp-json\/wp\/v2\/product_cat?post=24716"},{"taxonomy":"product_tag","embeddable":true,"href":"https:\/\/makeupatelier.ee\/pood\/wp-json\/wp\/v2\/product_tag?post=24716"}],"curies":[{"name":"wp","href":"https:\/\/api.w.org\/{rel}","templated":true}]}}