{"id":24704,"date":"2024-09-05T11:07:54","date_gmt":"2024-09-05T11:07:54","guid":{"rendered":"http:\/\/makeupatelier.ee\/pood\/product\/ecotools-daily-defined-eye-set\/"},"modified":"2026-05-01T03:00:41","modified_gmt":"2026-05-01T00:00:41","slug":"ecotools-daily-defined-eye-set","status":"publish","type":"product","link":"https:\/\/makeupatelier.ee\/pood\/product\/ecotools-daily-defined-eye-set\/","title":{"rendered":"ECOTOOLS Daily Defined Eye-Set"},"content":{"rendered":"","protected":false},"excerpt":{"rendered":"<p>6-osaline silmameigi komplekt.<br \/>\n5pintslit ja metallist karp.<br \/>\nKeskonnas\u00f5bralik toode n\u00e4itab austust planeedi vastu. K\u00f5ik Ecotoolsi tooted on valmistatud v\u00f5imalikult looduss\u00f5bralikest koostisosadest. Ei tekita allergiaid. Valmistatud maakera s\u00e4\u00e4stvaid tehnoloogiaid kasutades; bambusest k\u00e4epide omab v\u00e4hest m\u00f5ju maakerale kuna ressurss on kiirelt taastuv, s\u00fcnteetilise taklon pintslikiudude valmistamisel ei ole kasutatud \u00fchegi looma karvu, pintsliv\u00f5ru on valmistatud taaskasutatud alumiiniumist.<\/p>\n","protected":false},"featured_media":24703,"comment_status":"open","ping_status":"closed","template":"","meta":[],"product_cat":[201],"product_tag":[],"class_list":{"0":"post-24704","1":"product","2":"type-product","3":"status-publish","4":"has-post-thumbnail","6":"product_cat-pintslid","8":"first","9":"outofstock","10":"taxable","11":"shipping-taxable","12":"purchasable","13":"product-type-simple"},"aioseo_notices":[],"_links":{"self":[{"href":"https:\/\/makeupatelier.ee\/pood\/wp-json\/wp\/v2\/product\/24704","targetHints":{"allow":["GET"]}}],"collection":[{"href":"https:\/\/makeupatelier.ee\/pood\/wp-json\/wp\/v2\/product"}],"about":[{"href":"https:\/\/makeupatelier.ee\/pood\/wp-json\/wp\/v2\/types\/product"}],"replies":[{"embeddable":true,"href":"https:\/\/makeupatelier.ee\/pood\/wp-json\/wp\/v2\/comments?post=24704"}],"wp:featuredmedia":[{"embeddable":true,"href":"https:\/\/makeupatelier.ee\/pood\/wp-json\/wp\/v2\/media\/24703"}],"wp:attachment":[{"href":"https:\/\/makeupatelier.ee\/pood\/wp-json\/wp\/v2\/media?parent=24704"}],"wp:term":[{"taxonomy":"product_cat","embeddable":true,"href":"https:\/\/makeupatelier.ee\/pood\/wp-json\/wp\/v2\/product_cat?post=24704"},{"taxonomy":"product_tag","embeddable":true,"href":"https:\/\/makeupatelier.ee\/pood\/wp-json\/wp\/v2\/product_tag?post=24704"}],"curies":[{"name":"wp","href":"https:\/\/api.w.org\/{rel}","templated":true}]}}