{"id":24698,"date":"2024-09-05T14:07:49","date_gmt":"2024-09-05T11:07:49","guid":{"rendered":"http:\/\/makeupatelier.ee\/pood\/product\/tuhi-karp-d-26\/"},"modified":"2026-03-07T02:00:07","modified_gmt":"2026-03-07T00:00:07","slug":"tuhi-karp-d-26","status":"publish","type":"product","link":"https:\/\/makeupatelier.ee\/pood\/product\/tuhi-karp-d-26\/","title":{"rendered":"T\u00fchi karp (d 26)"},"content":{"rendered":"","protected":false},"excerpt":{"rendered":"<p>T\u00fchi karp 2,6 cm diameetriga lauv\u00e4rvi refiilidele. Mugav k\u00e4sitleda ja vajadusel kaasa v\u00f5tta.<\/p>\n","protected":false},"featured_media":27247,"comment_status":"open","ping_status":"closed","template":"","meta":[],"product_cat":[211],"product_tag":[],"class_list":{"0":"post-24698","1":"product","2":"type-product","3":"status-publish","4":"has-post-thumbnail","6":"product_cat-paletid","8":"first","9":"instock","10":"taxable","11":"shipping-taxable","12":"purchasable","13":"product-type-simple"},"aioseo_notices":[],"_links":{"self":[{"href":"https:\/\/makeupatelier.ee\/pood\/wp-json\/wp\/v2\/product\/24698","targetHints":{"allow":["GET"]}}],"collection":[{"href":"https:\/\/makeupatelier.ee\/pood\/wp-json\/wp\/v2\/product"}],"about":[{"href":"https:\/\/makeupatelier.ee\/pood\/wp-json\/wp\/v2\/types\/product"}],"replies":[{"embeddable":true,"href":"https:\/\/makeupatelier.ee\/pood\/wp-json\/wp\/v2\/comments?post=24698"}],"wp:featuredmedia":[{"embeddable":true,"href":"https:\/\/makeupatelier.ee\/pood\/wp-json\/wp\/v2\/media\/27247"}],"wp:attachment":[{"href":"https:\/\/makeupatelier.ee\/pood\/wp-json\/wp\/v2\/media?parent=24698"}],"wp:term":[{"taxonomy":"product_cat","embeddable":true,"href":"https:\/\/makeupatelier.ee\/pood\/wp-json\/wp\/v2\/product_cat?post=24698"},{"taxonomy":"product_tag","embeddable":true,"href":"https:\/\/makeupatelier.ee\/pood\/wp-json\/wp\/v2\/product_tag?post=24698"}],"curies":[{"name":"wp","href":"https:\/\/api.w.org\/{rel}","templated":true}]}}