{"id":24692,"date":"2024-09-05T14:07:48","date_gmt":"2024-09-05T11:07:48","guid":{"rendered":"http:\/\/makeupatelier.ee\/pood\/product\/matt-huulepulk\/"},"modified":"2026-03-31T11:58:04","modified_gmt":"2026-03-31T08:58:04","slug":"matt-huulepulk","status":"publish","type":"product","link":"https:\/\/makeupatelier.ee\/pood\/product\/matt-huulepulk\/","title":{"rendered":"Matt huulepulk"},"content":{"rendered":"<p style=\"margin: 0px;font-size: 10.1px;line-height: normal;font-family: Arial\">ISODODECANE, TRIMETHYL SILOXYSILICATE, BIS-VINYL DIMETHICONE, DIMETHICONE COPOLYMER, SILICA, PROPYLENE CARBONATE, ARFUM\/FRAGRANCE. PEUT CONTENIR\/MAY CONTAIN : MICA (CI 77019), TITANIUM DIOXIDE (CI 77891),IRON OXIDES (CI 77491, CI 77492, CI 77499), BISMUTH OXYCHLORIDE (CI 77163),BLUE 1 LAKE (CI 42090), CARMINE (CI 75470), RED 6 (CI 15850), RED 6 LAKE (CI 15850), RED 7 LAKE (CI 15850), RED 21 (CI 45380), RED 28 LAKE (CI 45410), RED 30 LAKE (CI 73360), YELLOW 5 LAKE (CI 19140), RED 33 LAKE (CI 17200), YELLOW 6 LAKE (CI 15985).<\/p>\n","protected":false},"excerpt":{"rendered":"<p>Kauap\u00fcsiv matt huulepulk kuivab kiiresti moodustades huultele elastse ja mugava kihi, mille t\u00f5ttu p\u00fcsib v\u00e4rv huultel terve p\u00e4eva.<br \/>\nHuulepulga koostises on kerged \u00f5lid ja silikooni osad ning A ja E vitamiinid, mis niisutavad huuli.<br \/>\nS\u00e4deleva efekti saamiseks kandke v\u00e4rvile p\u00e4rast kuivamist huulepalsamit.<br \/>\n7,5 ml<\/p>\n","protected":false},"featured_media":24691,"comment_status":"open","ping_status":"closed","template":"","meta":[],"product_cat":[191],"product_tag":[],"class_list":{"0":"post-24692","1":"product","2":"type-product","3":"status-publish","4":"has-post-thumbnail","6":"product_cat-huuled","8":"first","9":"instock","10":"taxable","11":"shipping-taxable","12":"purchasable","13":"product-type-variable"},"aioseo_notices":[],"_links":{"self":[{"href":"https:\/\/makeupatelier.ee\/pood\/wp-json\/wp\/v2\/product\/24692","targetHints":{"allow":["GET"]}}],"collection":[{"href":"https:\/\/makeupatelier.ee\/pood\/wp-json\/wp\/v2\/product"}],"about":[{"href":"https:\/\/makeupatelier.ee\/pood\/wp-json\/wp\/v2\/types\/product"}],"replies":[{"embeddable":true,"href":"https:\/\/makeupatelier.ee\/pood\/wp-json\/wp\/v2\/comments?post=24692"}],"wp:featuredmedia":[{"embeddable":true,"href":"https:\/\/makeupatelier.ee\/pood\/wp-json\/wp\/v2\/media\/24691"}],"wp:attachment":[{"href":"https:\/\/makeupatelier.ee\/pood\/wp-json\/wp\/v2\/media?parent=24692"}],"wp:term":[{"taxonomy":"product_cat","embeddable":true,"href":"https:\/\/makeupatelier.ee\/pood\/wp-json\/wp\/v2\/product_cat?post=24692"},{"taxonomy":"product_tag","embeddable":true,"href":"https:\/\/makeupatelier.ee\/pood\/wp-json\/wp\/v2\/product_tag?post=24692"}],"curies":[{"name":"wp","href":"https:\/\/api.w.org\/{rel}","templated":true}]}}