{"id":24690,"date":"2024-09-05T14:07:47","date_gmt":"2024-09-05T11:07:47","guid":{"rendered":"http:\/\/makeupatelier.ee\/pood\/product\/hd-puuder\/"},"modified":"2025-07-19T10:04:32","modified_gmt":"2025-07-19T07:04:32","slug":"hd-puuder","status":"publish","type":"product","link":"https:\/\/makeupatelier.ee\/pood\/product\/hd-puuder\/","title":{"rendered":"HD puuder"},"content":{"rendered":"<p style=\"margin: 0px; font-size: 10.1px; line-height: normal; font-family: Arial;\"><span style=\"font-size: 16px; , sans-serif;text-align: justify;\">The\u00a0<\/span><strong style=\"font-size: 16px; , sans-serif;text-align: justify;\">High Definition Powder<\/strong><span style=\"font-size: 16px; , sans-serif;text-align: justify;\">\u00a0is composed of an elastomer powder and hollow silica microparticles,\u00a0<\/span><strong style=\"font-size: 16px; , sans-serif;text-align: justify;\">absorbent of sebum<\/strong><span style=\"font-size: 16px; , sans-serif;text-align: justify;\">. Extremely transparent, the mineral powder HD\u00a0<\/span><strong style=\"font-size: 16px; , sans-serif;text-align: justify;\">mattifies perfectly<\/strong><span style=\"font-size: 16px; , sans-serif;text-align: justify;\">\u00a0without thickness and\u00a0<\/span><strong style=\"font-size: 16px; , sans-serif;text-align: justify;\">adapts to all complexions<\/strong><span style=\"font-size: 16px; , sans-serif;text-align: justify;\">. The unique structure of the HD powder brings a\u00a0<\/span><strong style=\"font-size: 16px; , sans-serif;text-align: justify;\">&#8220;Soft Focus&#8221; effect<\/strong><span style=\"font-size: 16px; , sans-serif;text-align: justify;\">: The texture of the skin appears thinner and the fine lines are faded.\u00a0<\/span><strong style=\"font-size: 16px; , sans-serif;text-align: justify;\">Natural and luminous makeup<\/strong><span style=\"font-size: 16px; , sans-serif;text-align: justify;\">\u00a0perfectly adapted to the High Definition image.<\/span><\/p>\n","protected":false},"excerpt":{"rendered":"<p>HD tolmpuuder on l\u00e4bipaistev mineraalpuuder, millega saab v\u00e4hendada naha l\u00e4ikimist k\u00f5ikidel nahatoonidel. HD puudril on unikaalne struktuur, mis silub kortse ning n\u00e4gu n\u00e4ib \u00fchtlane. Puuder aitab j\u00e4tta naturaalse mati tulemuse ning kinnitab jumestuse. Kanna tagasihoidlikult puurdipadjaga nahale. Naturaalne ja kauap\u00fcsiv jumestus. Ei sisalda l\u00f5hna- ega s\u00e4ilitusaineid.<\/p>\n<p>17g<\/p>\n","protected":false},"featured_media":24689,"comment_status":"open","ping_status":"closed","template":"","meta":[],"product_cat":[195],"product_tag":[],"class_list":{"0":"post-24690","1":"product","2":"type-product","3":"status-publish","4":"has-post-thumbnail","6":"product_cat-puudrid","8":"first","9":"instock","10":"taxable","11":"shipping-taxable","12":"purchasable","13":"product-type-simple"},"aioseo_notices":[],"_links":{"self":[{"href":"https:\/\/makeupatelier.ee\/pood\/wp-json\/wp\/v2\/product\/24690","targetHints":{"allow":["GET"]}}],"collection":[{"href":"https:\/\/makeupatelier.ee\/pood\/wp-json\/wp\/v2\/product"}],"about":[{"href":"https:\/\/makeupatelier.ee\/pood\/wp-json\/wp\/v2\/types\/product"}],"replies":[{"embeddable":true,"href":"https:\/\/makeupatelier.ee\/pood\/wp-json\/wp\/v2\/comments?post=24690"}],"wp:featuredmedia":[{"embeddable":true,"href":"https:\/\/makeupatelier.ee\/pood\/wp-json\/wp\/v2\/media\/24689"}],"wp:attachment":[{"href":"https:\/\/makeupatelier.ee\/pood\/wp-json\/wp\/v2\/media?parent=24690"}],"wp:term":[{"taxonomy":"product_cat","embeddable":true,"href":"https:\/\/makeupatelier.ee\/pood\/wp-json\/wp\/v2\/product_cat?post=24690"},{"taxonomy":"product_tag","embeddable":true,"href":"https:\/\/makeupatelier.ee\/pood\/wp-json\/wp\/v2\/product_tag?post=24690"}],"curies":[{"name":"wp","href":"https:\/\/api.w.org\/{rel}","templated":true}]}}