{"id":24668,"date":"2024-09-05T14:07:36","date_gmt":"2024-09-05T11:07:36","guid":{"rendered":"http:\/\/makeupatelier.ee\/pood\/product\/tolmpuuder-sadelev\/"},"modified":"2025-07-19T10:11:42","modified_gmt":"2025-07-19T07:11:42","slug":"tolmpuuder-sadelev","status":"publish","type":"product","link":"https:\/\/makeupatelier.ee\/pood\/product\/tolmpuuder-sadelev\/","title":{"rendered":"Tolmpuuder \/S\u00e4delev\/"},"content":{"rendered":"<p><span style=\"font-family: Roboto, sans-serif;font-size: 12px;text-align: center\">SILICA HYDRATED MAGNESIUM SILICA, NYLON 12. (+\/-)PEUT CONTENIR\/MAY CONTAIN: TITANIUM DIOXIDE (CI 77891), IRON OXIDES (CI 77492, CI 77491,CI 77499), CHROMIUM OXIDE GREEN (CI 77288)<\/span><\/p>\n","protected":false},"excerpt":{"rendered":"<p>\u00dclipeene tekstuuriga pigmendist ja mineraalpuudrist koosnev tolmpuuder. Suurep\u00e4rase kinnitusv\u00f5imega, v\u00e4rvitu ja loomuliku tulemusega. R\u00e4nikivipuuder imeb rasu ja eemaldab l\u00e4ike, kuid s\u00e4ilitab samas loomuliku jume l\u00e4bikumavuse. Kanna tolmpuudrit n\u00e4ole puudripadjaga ja eemalda \u00fcleliigne puuder koheva pintsliga. <\/p>\n","protected":false},"featured_media":24667,"comment_status":"open","ping_status":"closed","template":"","meta":[],"product_cat":[195],"product_tag":[],"class_list":{"0":"post-24668","1":"product","2":"type-product","3":"status-publish","4":"has-post-thumbnail","6":"product_cat-puudrid","8":"first","9":"instock","10":"sale","11":"taxable","12":"shipping-taxable","13":"purchasable","14":"product-type-variable"},"aioseo_notices":[],"_links":{"self":[{"href":"https:\/\/makeupatelier.ee\/pood\/wp-json\/wp\/v2\/product\/24668","targetHints":{"allow":["GET"]}}],"collection":[{"href":"https:\/\/makeupatelier.ee\/pood\/wp-json\/wp\/v2\/product"}],"about":[{"href":"https:\/\/makeupatelier.ee\/pood\/wp-json\/wp\/v2\/types\/product"}],"replies":[{"embeddable":true,"href":"https:\/\/makeupatelier.ee\/pood\/wp-json\/wp\/v2\/comments?post=24668"}],"wp:featuredmedia":[{"embeddable":true,"href":"https:\/\/makeupatelier.ee\/pood\/wp-json\/wp\/v2\/media\/24667"}],"wp:attachment":[{"href":"https:\/\/makeupatelier.ee\/pood\/wp-json\/wp\/v2\/media?parent=24668"}],"wp:term":[{"taxonomy":"product_cat","embeddable":true,"href":"https:\/\/makeupatelier.ee\/pood\/wp-json\/wp\/v2\/product_cat?post=24668"},{"taxonomy":"product_tag","embeddable":true,"href":"https:\/\/makeupatelier.ee\/pood\/wp-json\/wp\/v2\/product_tag?post=24668"}],"curies":[{"name":"wp","href":"https:\/\/api.w.org\/{rel}","templated":true}]}}