{"id":24664,"date":"2024-09-05T14:07:35","date_gmt":"2024-09-05T11:07:35","guid":{"rendered":"http:\/\/makeupatelier.ee\/pood\/product\/kreemposepuna\/"},"modified":"2026-03-06T14:05:20","modified_gmt":"2026-03-06T12:05:20","slug":"kreemposepuna","status":"publish","type":"product","link":"https:\/\/makeupatelier.ee\/pood\/product\/kreemposepuna\/","title":{"rendered":"Kreemp\u00f5sepuna"},"content":{"rendered":"<p style=\"margin: 0px;font-size: 10.1px;line-height: normal;font-family: Arial\">RICINUS COMMUNIS\/RICINUS COMMUNIS (CASTOR SEED OIL)\/ HUILE DE RICIN, HYDROGENATED POLYISOBUTENE, CERA ALBA\/ BEESWAX\/CIRE D\u2019ABEILLE, CETYL LACTATE, MYRISTYL LACTATE, CARNAUBA\/COPERNICA CERIFERA (CARNAUBA) WAX, CANDELLILA CERA\/EUPHORBIA CERIFERA (CANDELILLA) WAX, BUTYROSPERMUM PARKII (SHEA BUTTER), HELIANTHUS ANNUUS \/ JOJOBA OIL, POLYETHYLENE, PARFUM\/FRAGRANCE, TOCOPHEROL, ASCORBYL PALMITATE, BENZYL ALCOHOL, DEHYDROACETIC ACID, BHT. (+\/-)PEUT CONTENIR\/MAY CONTAIN: MICA (CI 77019), TITANIUM DIOXIDE (CI 77891),IRON OXIDES (CI 77491, CI 77492, CI 77499), BISMUTH OXYCHLORIDE (CI 77163), BLUE 1 LAKE (CI 42090), CARMINE (CI 75470), RED 6 (CI 15850), RED 6 LAKE (CI 15850), RED 7 LAKE (CI 15850), RED 21 (CI 45380), RED 28 LAKE (CI 45410), RED 30 LAKE (CI 73360), YELLOW 5 LAKE (CI 19140),RED 33 LAKE (CI 17200), YELLOW 6 LAKE (CI 15985). NOT TESTED ON ANIMALS<\/p>\n","protected":false},"excerpt":{"rendered":"<p>Kreemjas v\u00e4rv, mis on kasutamiseks nii p\u00f5skedele kui ka huultele. Rahustava koostisega kreem, mis lisab p\u00f5skedele t\u00e4idlasema vormi ja erakordselt kauni tooni. Mica pigment peegeldab valgust, mis aitab peita v\u00e4ikesi kortse. Huultele j\u00e4tab kreem l\u00e4bikumava tooni. Toodet v\u00f5ib kanda ka juba puudriga kinnitatud meigip\u00f5hjale.<br \/>\nTooted koodiga LBSW Snow white ja LBI Beige Pearl-suurep\u00e4rased Highlighter-id. <\/p>\n","protected":false},"featured_media":24663,"comment_status":"open","ping_status":"closed","template":"","meta":[],"product_cat":[196],"product_tag":[],"class_list":{"0":"post-24664","1":"product","2":"type-product","3":"status-publish","4":"has-post-thumbnail","6":"product_cat-posepunad","8":"first","9":"instock","10":"sale","11":"taxable","12":"shipping-taxable","13":"purchasable","14":"product-type-variable"},"aioseo_notices":[],"_links":{"self":[{"href":"https:\/\/makeupatelier.ee\/pood\/wp-json\/wp\/v2\/product\/24664","targetHints":{"allow":["GET"]}}],"collection":[{"href":"https:\/\/makeupatelier.ee\/pood\/wp-json\/wp\/v2\/product"}],"about":[{"href":"https:\/\/makeupatelier.ee\/pood\/wp-json\/wp\/v2\/types\/product"}],"replies":[{"embeddable":true,"href":"https:\/\/makeupatelier.ee\/pood\/wp-json\/wp\/v2\/comments?post=24664"}],"wp:featuredmedia":[{"embeddable":true,"href":"https:\/\/makeupatelier.ee\/pood\/wp-json\/wp\/v2\/media\/24663"}],"wp:attachment":[{"href":"https:\/\/makeupatelier.ee\/pood\/wp-json\/wp\/v2\/media?parent=24664"}],"wp:term":[{"taxonomy":"product_cat","embeddable":true,"href":"https:\/\/makeupatelier.ee\/pood\/wp-json\/wp\/v2\/product_cat?post=24664"},{"taxonomy":"product_tag","embeddable":true,"href":"https:\/\/makeupatelier.ee\/pood\/wp-json\/wp\/v2\/product_tag?post=24664"}],"curies":[{"name":"wp","href":"https:\/\/api.w.org\/{rel}","templated":true}]}}