{"id":24660,"date":"2024-09-05T14:07:32","date_gmt":"2024-09-05T11:07:32","guid":{"rendered":"http:\/\/makeupatelier.ee\/pood\/product\/balmain-keskmisega-tugevusega-juukselakk-300-ml\/"},"modified":"2026-03-03T11:40:21","modified_gmt":"2026-03-03T09:40:21","slug":"balmain-keskmisega-tugevusega-juukselakk-300-ml","status":"publish","type":"product","link":"https:\/\/makeupatelier.ee\/pood\/product\/balmain-keskmisega-tugevusega-juukselakk-300-ml\/","title":{"rendered":"BALMAIN Keskmisega tugevusega juukselakk 300 ml"},"content":{"rendered":"<p style=\", sans-serif;font-size: 14px;\"><em><strong>Kasutamine:<\/strong>\u00a0Pihusta juustesse 15-20 cm kauguselt.\u00a0<\/em><\/p>\n<p style=\", sans-serif;font-size: 14px;\"><em><strong>Soovitus:<\/strong>\u00a0Lisamaks juustele ekstra vol\u00fc\u00fcmi, kanna lakki juustesse pea alaspidi, samal ajal lakki pihustades \u00f5\u00f5tsuta kergelt pead, et lakk \u00fchtlaselt juuksekihtide vahele hajuks. Teine v\u00f5imalus on eraldada juuksesalk ja pihustada sellele lakki juure poolt juukste otste suunas. Enne uue juuksesalgu v\u00f5tmist lase eelmisel hetke kuivada.\u00a0<\/em><\/p>\n<p style=\", sans-serif;font-size: 14px;\"><strong><em>Koostis:\u00a0<\/em><\/strong><em>Alcohol Denat., Dime- thyl Ether, Octylacrylamide\/Acry- lates\/Butylaminoethyl Methacrylate Copolymer, Acrylates Copolymer, Silk Amino Acids, Aminomethyl Pro- panol, PEG-12 Dimethicone, Panthenol, Benzophenone-4, Parfum.<\/em><\/p>\n","protected":false},"excerpt":{"rendered":"<p>Kerge viimistlev juukselakk v\u00f5imaldab luua liikuvaid soenguid. Lakk aitab s\u00e4ilitada juustes elastsust ja liikuvust, pakkudes seajuures kauap\u00fcsivat hoidvust. Pihustatav lakk on niiskuskindel, kergesti juustest v\u00e4lja kammitav ja sisaldab UV kaitset.<\/p>\n<p>\u2022 Tagab elastse ja liikuva viimistluse<br \/>\n\u2022 Kauap\u00fcsiv hoidvus<br \/>\n\u2022 Sisaldab UV kaitset<\/p>\n<p>Kogus: 300 ml<\/p>\n","protected":false},"featured_media":24659,"comment_status":"open","ping_status":"closed","template":"","meta":[],"product_cat":[208],"product_tag":[],"class_list":{"0":"post-24660","1":"product","2":"type-product","3":"status-publish","4":"has-post-thumbnail","6":"product_cat-viimistlus","8":"first","9":"instock","10":"sale","11":"taxable","12":"shipping-taxable","13":"purchasable","14":"product-type-simple"},"aioseo_notices":[],"_links":{"self":[{"href":"https:\/\/makeupatelier.ee\/pood\/wp-json\/wp\/v2\/product\/24660","targetHints":{"allow":["GET"]}}],"collection":[{"href":"https:\/\/makeupatelier.ee\/pood\/wp-json\/wp\/v2\/product"}],"about":[{"href":"https:\/\/makeupatelier.ee\/pood\/wp-json\/wp\/v2\/types\/product"}],"replies":[{"embeddable":true,"href":"https:\/\/makeupatelier.ee\/pood\/wp-json\/wp\/v2\/comments?post=24660"}],"wp:featuredmedia":[{"embeddable":true,"href":"https:\/\/makeupatelier.ee\/pood\/wp-json\/wp\/v2\/media\/24659"}],"wp:attachment":[{"href":"https:\/\/makeupatelier.ee\/pood\/wp-json\/wp\/v2\/media?parent=24660"}],"wp:term":[{"taxonomy":"product_cat","embeddable":true,"href":"https:\/\/makeupatelier.ee\/pood\/wp-json\/wp\/v2\/product_cat?post=24660"},{"taxonomy":"product_tag","embeddable":true,"href":"https:\/\/makeupatelier.ee\/pood\/wp-json\/wp\/v2\/product_tag?post=24660"}],"curies":[{"name":"wp","href":"https:\/\/api.w.org\/{rel}","templated":true}]}}