{"id":24658,"date":"2024-09-05T14:07:29","date_gmt":"2024-09-05T11:07:29","guid":{"rendered":"http:\/\/makeupatelier.ee\/pood\/product\/pinguldav-praimer\/"},"modified":"2026-03-20T02:00:07","modified_gmt":"2026-03-20T00:00:07","slug":"pinguldav-praimer","status":"publish","type":"product","link":"https:\/\/makeupatelier.ee\/pood\/product\/pinguldav-praimer\/","title":{"rendered":"Pinguldav Praimer"},"content":{"rendered":"","protected":false},"excerpt":{"rendered":"<p>Niisutav ja pinguldav meigialuskreem, mis t\u00e4idab koheselt ning v\u00e4hendab optiliselt kortse ja poore. T\u00e4nu h\u00fcaluroonhappele, taimsele ekstraktile ja nisuidule muutub nahk elastseks, niisutatuks ja pringiks. Vilgupulber (mica) annab \u201esoft focus\u201c-efekti. Aluskreem silub naha pinda, mist\u00f5ttu hiljem peale kantav jumestuskreem jaotub \u00fchtlaselt ja p\u00fcsib kogu p\u00e4eva. Ideaalne k\u00fcpsele nahale.<br \/>\nPeamised koostisosad:<\/p>\n<p>Naatriumh\u00fcaluronaat ja gl\u00fctseriin \u2013 h\u00fcaluroonhappe ja gl\u00fctseriini kombinatsioon loob intensiivse niisutava kompleksi. Gl\u00fctseriin niisutab, hoiab \u00e4ra naha ketenduse ja omab tervendavat toimet ning stimuleerib lipiidide ja kollageeni tootmist.<\/p>\n<p>Argaania\u00f5li \u2013 s\u00e4ilitab naha niiskust ja on pehmendavate omadustega. Sisaldab suures koguses E-vitamiini. T\u00e4nu erinevatele rasvhapetele sobib suurep\u00e4raselt naha hooldamiseks. Argaania\u00f5li imendub kiiresti, taastades naha s\u00e4ra ja nooruslikkuse.<\/p>\n<p>Orgaaniline rohelise tee \u00f5ievee \u2013 rohelise tee \u00f5ievesi on rahustava ja p\u00f5letikuvastase toimega, mist\u00f5ttu sobib t\u00f5husalt tundliku v\u00f5i \u00e4rritunud naha hooldamiseks. Aitab v\u00e4hendada punetust, \u00e4rritust ja p\u00f5letikku, pakkudes nahale rahustavat ja v\u00e4rskendavat tunnet.<\/p>\n<p>Dermatoloogiliselt testitud<\/p>\n<p>30 ml<\/p>\n","protected":false},"featured_media":28209,"comment_status":"open","ping_status":"closed","template":"","meta":[],"product_cat":[213],"product_tag":[],"class_list":{"0":"post-24658","1":"product","2":"type-product","3":"status-publish","4":"has-post-thumbnail","6":"product_cat-praimerid","8":"first","9":"instock","10":"taxable","11":"shipping-taxable","12":"purchasable","13":"product-type-simple"},"aioseo_notices":[],"_links":{"self":[{"href":"https:\/\/makeupatelier.ee\/pood\/wp-json\/wp\/v2\/product\/24658","targetHints":{"allow":["GET"]}}],"collection":[{"href":"https:\/\/makeupatelier.ee\/pood\/wp-json\/wp\/v2\/product"}],"about":[{"href":"https:\/\/makeupatelier.ee\/pood\/wp-json\/wp\/v2\/types\/product"}],"replies":[{"embeddable":true,"href":"https:\/\/makeupatelier.ee\/pood\/wp-json\/wp\/v2\/comments?post=24658"}],"wp:featuredmedia":[{"embeddable":true,"href":"https:\/\/makeupatelier.ee\/pood\/wp-json\/wp\/v2\/media\/28209"}],"wp:attachment":[{"href":"https:\/\/makeupatelier.ee\/pood\/wp-json\/wp\/v2\/media?parent=24658"}],"wp:term":[{"taxonomy":"product_cat","embeddable":true,"href":"https:\/\/makeupatelier.ee\/pood\/wp-json\/wp\/v2\/product_cat?post=24658"},{"taxonomy":"product_tag","embeddable":true,"href":"https:\/\/makeupatelier.ee\/pood\/wp-json\/wp\/v2\/product_tag?post=24658"}],"curies":[{"name":"wp","href":"https:\/\/api.w.org\/{rel}","templated":true}]}}