{"id":24644,"date":"2024-09-05T11:07:22","date_gmt":"2024-09-05T11:07:22","guid":{"rendered":"http:\/\/makeupatelier.ee\/pood\/product\/tuhi-karp-d-36\/"},"modified":"2026-03-06T17:05:07","modified_gmt":"2026-03-06T15:05:07","slug":"tuhi-karp-d-36","status":"publish","type":"product","link":"https:\/\/makeupatelier.ee\/pood\/product\/tuhi-karp-d-36\/","title":{"rendered":"T\u00fchi karp (d 36)"},"content":{"rendered":"","protected":false},"excerpt":{"rendered":"<p>Karp PR koodiga lauv\u00e4rvidele, p\u00f5sepunadele ja puudritele.<br \/>\nKarpi on t\u00e4nu 3,6 cm l\u00e4bim\u00f5\u00f5dule mugav k\u00e4sitleda ja vajadusel kaasa v\u00f5tta.<\/p>\n","protected":false},"featured_media":27232,"comment_status":"open","ping_status":"closed","template":"","meta":[],"product_cat":[211],"product_tag":[],"class_list":{"0":"post-24644","1":"product","2":"type-product","3":"status-publish","4":"has-post-thumbnail","6":"product_cat-paletid","8":"first","9":"instock","10":"taxable","11":"shipping-taxable","12":"purchasable","13":"product-type-simple"},"aioseo_notices":[],"_links":{"self":[{"href":"https:\/\/makeupatelier.ee\/pood\/wp-json\/wp\/v2\/product\/24644","targetHints":{"allow":["GET"]}}],"collection":[{"href":"https:\/\/makeupatelier.ee\/pood\/wp-json\/wp\/v2\/product"}],"about":[{"href":"https:\/\/makeupatelier.ee\/pood\/wp-json\/wp\/v2\/types\/product"}],"replies":[{"embeddable":true,"href":"https:\/\/makeupatelier.ee\/pood\/wp-json\/wp\/v2\/comments?post=24644"}],"wp:featuredmedia":[{"embeddable":true,"href":"https:\/\/makeupatelier.ee\/pood\/wp-json\/wp\/v2\/media\/27232"}],"wp:attachment":[{"href":"https:\/\/makeupatelier.ee\/pood\/wp-json\/wp\/v2\/media?parent=24644"}],"wp:term":[{"taxonomy":"product_cat","embeddable":true,"href":"https:\/\/makeupatelier.ee\/pood\/wp-json\/wp\/v2\/product_cat?post=24644"},{"taxonomy":"product_tag","embeddable":true,"href":"https:\/\/makeupatelier.ee\/pood\/wp-json\/wp\/v2\/product_tag?post=24644"}],"curies":[{"name":"wp","href":"https:\/\/api.w.org\/{rel}","templated":true}]}}