{"id":24638,"date":"2024-09-05T14:07:17","date_gmt":"2024-09-05T11:07:17","guid":{"rendered":"http:\/\/makeupatelier.ee\/pood\/product\/5color-huulepalett\/"},"modified":"2026-03-06T02:00:16","modified_gmt":"2026-03-06T00:00:16","slug":"5color-huulepalett","status":"publish","type":"product","link":"https:\/\/makeupatelier.ee\/pood\/product\/5color-huulepalett\/","title":{"rendered":"5color Huulepalett"},"content":{"rendered":"<p style=\"margin: 0px;font-size: 10.1px;line-height: normal;font-family: Arial\">RICINUS COMMUNIS\/RICINUS COMMUNIS (CASTOR) SEED OIL\/ HUILE DE RICIN,CERA ALBA\/ BEESWAX\/ CIRE D\u2019ABEILLE, CETYL LACTATE, MYRISTYL LACTATE, CARNAUBA\/ COPERNICA CERIFERA(CARNAUBA) WAX, CANDELLILA CERA\/EUPHORBIA CERIFERA (CANDELILLA) WAX, BUTYROSPERMUM PARKII (SHEA BUTTER), ISODODECANE, BIS-VINYL DIMETHICONE, DIMETHICONE COPOLYMER, HELIANTHUS ANNUUS \/ JOJOBA OIL, POLYETHYLENE, PARFUM\/FRAGRANCE, TOCOPHEROL, ASCORBYL PALMITATE, BENZYL ALCOHOL, DEHYDROACETIC ACID, BHT. (+\/-)PEUT CONTENIR\/MAY CONTAIN : MICA (CI 77019), TITANIUM DIOXIDE (CI 77891), IRON OXIDES (CI 77491, CI 77492, CI 77499), BISMUTH OXYCHLORIDE (CI 77163), BLUE 1 LAKE (CI 42090), CARMINE (CI 75470), RED 6 (CI 15850), RED 6 LAKE (CI 15850), RED 7 LAKE (CI 15850), RED 21 (CI 45380), RED 28 LAKE (CI 45410), RED 30 LAKE (CI 73360),YELLOW 5 LAKE (CI 19140),RED 33 LAKE (CI 17200), YELLOW 6 LAKE (CI 15985).NOT TESTED ON ANIMALS<\/p>\n","protected":false},"excerpt":{"rendered":"<p>VIIMASED TOOTED!<br \/>\n\u00dcks s\u00e4delev ja neli kauap\u00fcsivat huulepulka moodustavad harmoonilise v\u00e4rvipaleti, mis vormivad huuli, muudavad huuled visuaalselt vol\u00fc\u00fcmikamaks ning peidavad pisivead. V\u00e4rvid on karbis j\u00e4rjestatud muutes professionaalse meigikunstniku t\u00f6\u00f6 kiiremaks ja efektiivsemaks. Toote koostis on rikastatud jojoba\u00f5li, sheav\u00f5i ning A ja E vitamiinidega.<\/p>\n<p>10 g<\/p>\n","protected":false},"featured_media":24637,"comment_status":"open","ping_status":"closed","template":"","meta":[],"product_cat":[191],"product_tag":[],"class_list":{"0":"post-24638","1":"product","2":"type-product","3":"status-publish","4":"has-post-thumbnail","6":"product_cat-huuled","8":"first","9":"instock","10":"sale","11":"taxable","12":"shipping-taxable","13":"purchasable","14":"product-type-variable"},"aioseo_notices":[],"_links":{"self":[{"href":"https:\/\/makeupatelier.ee\/pood\/wp-json\/wp\/v2\/product\/24638","targetHints":{"allow":["GET"]}}],"collection":[{"href":"https:\/\/makeupatelier.ee\/pood\/wp-json\/wp\/v2\/product"}],"about":[{"href":"https:\/\/makeupatelier.ee\/pood\/wp-json\/wp\/v2\/types\/product"}],"replies":[{"embeddable":true,"href":"https:\/\/makeupatelier.ee\/pood\/wp-json\/wp\/v2\/comments?post=24638"}],"wp:featuredmedia":[{"embeddable":true,"href":"https:\/\/makeupatelier.ee\/pood\/wp-json\/wp\/v2\/media\/24637"}],"wp:attachment":[{"href":"https:\/\/makeupatelier.ee\/pood\/wp-json\/wp\/v2\/media?parent=24638"}],"wp:term":[{"taxonomy":"product_cat","embeddable":true,"href":"https:\/\/makeupatelier.ee\/pood\/wp-json\/wp\/v2\/product_cat?post=24638"},{"taxonomy":"product_tag","embeddable":true,"href":"https:\/\/makeupatelier.ee\/pood\/wp-json\/wp\/v2\/product_tag?post=24638"}],"curies":[{"name":"wp","href":"https:\/\/api.w.org\/{rel}","templated":true}]}}