{"id":24628,"date":"2024-09-05T11:07:13","date_gmt":"2024-09-05T11:07:13","guid":{"rendered":"http:\/\/makeupatelier.ee\/pood\/product\/posepuna-palett-3d\/"},"modified":"2026-03-31T11:58:13","modified_gmt":"2026-03-31T08:58:13","slug":"posepuna-palett-3d","status":"publish","type":"product","link":"https:\/\/makeupatelier.ee\/pood\/product\/posepuna-palett-3d\/","title":{"rendered":"P\u00f5sepuna palett 3D"},"content":{"rendered":"","protected":false},"excerpt":{"rendered":"<p>K\u00f5rge pigmentatsiooniga, \u00f5hukese tekstuuriga mineraalpuudrid n\u00e4o modelleerimiseks. Peegliga paletis on neli tooni. Puudrid n\u00e4o kontuurimiseks, highlighter ja p\u00f5sepuna. Puudrid j\u00e4tavad nahale elastse kihi, et p\u00fcsida n\u00e4o liikuvatel osadel. L\u00f5hna- ja s\u00e4ilitusainete vaba. Refilli l\u00e4bim\u00f5\u00f5t 3,6 cm (sobib h\u00e4sti suurema pintsli jaoks). Ilma s\u00fcnteetiliste l\u00f5hnaineteta. Parabeenide vaba.<\/p>\n<p>4 x 3,5g=14g<\/p>\n","protected":false},"featured_media":24627,"comment_status":"open","ping_status":"closed","template":"","meta":[],"product_cat":[196],"product_tag":[],"class_list":{"0":"post-24628","1":"product","2":"type-product","3":"status-publish","4":"has-post-thumbnail","6":"product_cat-posepunad","8":"first","9":"instock","10":"sale","11":"taxable","12":"shipping-taxable","13":"purchasable","14":"product-type-variable"},"aioseo_notices":[],"_links":{"self":[{"href":"https:\/\/makeupatelier.ee\/pood\/wp-json\/wp\/v2\/product\/24628","targetHints":{"allow":["GET"]}}],"collection":[{"href":"https:\/\/makeupatelier.ee\/pood\/wp-json\/wp\/v2\/product"}],"about":[{"href":"https:\/\/makeupatelier.ee\/pood\/wp-json\/wp\/v2\/types\/product"}],"replies":[{"embeddable":true,"href":"https:\/\/makeupatelier.ee\/pood\/wp-json\/wp\/v2\/comments?post=24628"}],"wp:featuredmedia":[{"embeddable":true,"href":"https:\/\/makeupatelier.ee\/pood\/wp-json\/wp\/v2\/media\/24627"}],"wp:attachment":[{"href":"https:\/\/makeupatelier.ee\/pood\/wp-json\/wp\/v2\/media?parent=24628"}],"wp:term":[{"taxonomy":"product_cat","embeddable":true,"href":"https:\/\/makeupatelier.ee\/pood\/wp-json\/wp\/v2\/product_cat?post=24628"},{"taxonomy":"product_tag","embeddable":true,"href":"https:\/\/makeupatelier.ee\/pood\/wp-json\/wp\/v2\/product_tag?post=24628"}],"curies":[{"name":"wp","href":"https:\/\/api.w.org\/{rel}","templated":true}]}}