{"id":24622,"date":"2024-09-05T14:07:09","date_gmt":"2024-09-05T11:07:09","guid":{"rendered":"http:\/\/makeupatelier.ee\/pood\/product\/long-wear-jumestuskreem-30ml\/"},"modified":"2026-03-17T02:00:44","modified_gmt":"2026-03-17T00:00:44","slug":"long-wear-jumestuskreem-30ml","status":"publish","type":"product","link":"https:\/\/makeupatelier.ee\/pood\/product\/long-wear-jumestuskreem-30ml\/","title":{"rendered":"LONG WEAR  Jumestuskreem 30ml"},"content":{"rendered":"<p style=\"margin: 0px;font-size: 10.1px;line-height: normal;font-family: Arial\">AQUA PURIFICATA\/WATER\/EAU, CYCLOPENTASILOXANE, PEG\/PPG-18\/18 DIMETHICONE, BUTYLENE GLYCOL, CYCLOMETHICONE, TRIMETHYL SILOXYSILICATE, DIMETHICONE, CYCLOMETHICONE\/ DIMETHICONE CROSSPOLYMER, BIS-HYDROXYETHOXYPROPYL DIMETHICONE, ALUMINUM \/ MAGNESIUM HYDROXIDE STEARATE, MAGNESIUM ALUMINUM SILICATE, SODIUM CHLORIDE, DEHYDROACETIC ACID, BENZYL ALCOHOL. (+\/-) MAY CONTAIN\/PEUT CONTENIR: TITANIUM DIOXIDE (CI 77891), IRON OXIDES ( CI 77492, CI 77491,CI 77499), CHROMIUM OXIDE GREEN (CI 77288). NOT TESTED ON ANIMALS<\/p>\n","protected":false},"excerpt":{"rendered":"<p>WATERPROOF FLUID FOUNDATION (Veekindel jumestuskreem)<br \/>\nKatvus kuni 85%<br \/>\nTegemist on \u00f5livaba jumestuskreemiga k\u00f5ikidele nahat\u00fc\u00fcpidele. Veekindel jumestuskreem on oma eriliste omaduste t\u00f5ttu vee- ja higikindel pakkudes kauap\u00fcsivat jumestust. Kreemjas tekstuur on kergesti pealekantav ning katvus on v\u00e4ga hea. Tagab t\u00e4iusliku mati viimistluse. Kaitseb nahka kahjulike keskkonnam\u00f5jude eest. Sobib h\u00e4sti allvee fotode ja- filmide tegemisel.<br \/>\nPealekandmine: kanna jumestuskreem eelnevalt puhastatud ja ettevalmistatud nahale. Toode kantakse nahale pintsli v\u00f5i svammi  abil.<br \/>\nToodet tuleb enne kasutamist loksutada.<\/p>\n<p>30ml<\/p>\n","protected":false},"featured_media":24621,"comment_status":"open","ping_status":"closed","template":"","meta":[],"product_cat":[193],"product_tag":[],"class_list":{"0":"post-24622","1":"product","2":"type-product","3":"status-publish","4":"has-post-thumbnail","6":"product_cat-jumestuskreemid","8":"first","9":"instock","10":"sale","11":"taxable","12":"shipping-taxable","13":"purchasable","14":"product-type-variable"},"aioseo_notices":[],"_links":{"self":[{"href":"https:\/\/makeupatelier.ee\/pood\/wp-json\/wp\/v2\/product\/24622","targetHints":{"allow":["GET"]}}],"collection":[{"href":"https:\/\/makeupatelier.ee\/pood\/wp-json\/wp\/v2\/product"}],"about":[{"href":"https:\/\/makeupatelier.ee\/pood\/wp-json\/wp\/v2\/types\/product"}],"replies":[{"embeddable":true,"href":"https:\/\/makeupatelier.ee\/pood\/wp-json\/wp\/v2\/comments?post=24622"}],"wp:featuredmedia":[{"embeddable":true,"href":"https:\/\/makeupatelier.ee\/pood\/wp-json\/wp\/v2\/media\/24621"}],"wp:attachment":[{"href":"https:\/\/makeupatelier.ee\/pood\/wp-json\/wp\/v2\/media?parent=24622"}],"wp:term":[{"taxonomy":"product_cat","embeddable":true,"href":"https:\/\/makeupatelier.ee\/pood\/wp-json\/wp\/v2\/product_cat?post=24622"},{"taxonomy":"product_tag","embeddable":true,"href":"https:\/\/makeupatelier.ee\/pood\/wp-json\/wp\/v2\/product_tag?post=24622"}],"curies":[{"name":"wp","href":"https:\/\/api.w.org\/{rel}","templated":true}]}}