{"id":24618,"date":"2024-09-05T14:07:06","date_gmt":"2024-09-05T11:07:06","guid":{"rendered":"http:\/\/makeupatelier.ee\/pood\/product\/peitekreemi-palett\/"},"modified":"2026-03-07T02:00:09","modified_gmt":"2026-03-07T00:00:09","slug":"peitekreemi-palett","status":"publish","type":"product","link":"https:\/\/makeupatelier.ee\/pood\/product\/peitekreemi-palett\/","title":{"rendered":"Peitekreemi palett"},"content":{"rendered":"<p style=\"margin: 0px;font-size: 10.1px;line-height: normal;font-family: Arial\">C12-15 ALKYL BENZOATE, BIS-DIGLYCERYL POLYACYLADIPATE-2, CERA ALBA, MYRISTYL MYRISTATE, OZOKERITE, BHT, TOCOPHEROL ACETATE, RETINYL PALMITATE, CALCIUM ALUMINUM BOROSILICATE, BISMUTH OXYCHLORIDE, BENZYL ALCOHOL, DEHYDROACETIC ACID. (+\/-) MAY CONTAIN\/PEUT CONTENIR: TITANIUM DIOXIDE (CI 77891), IRON OXIDES (CI 77492, CI 77491,CI 77499), CHROMIUM OXIDE GREEN (CI 77288). NOT TESTED ON ANIMALS<\/p>\n","protected":false},"excerpt":{"rendered":"<p>Valgust peegeldav ja pisivigu kattev peitekreemide palett on loodud, et varjata tumedaid silma \u00fcmbruseid, pigmendilaike ning t\u00e4toveeringuid. Igale nahatoonile.  Peitekreemi koostis on rikastatud juurvilja\u00f5li kompleksiga ja A ja E vitamiinidega, mis niisutavad nahka ning pehmendavad v\u00e4ikesi kortsukesi. Toode on veekindel ja l\u00f5hnavaba.<br \/>\n12,5g<\/p>\n","protected":false},"featured_media":25684,"comment_status":"open","ping_status":"closed","template":"","meta":[],"product_cat":[194],"product_tag":[],"class_list":{"0":"post-24618","1":"product","2":"type-product","3":"status-publish","4":"has-post-thumbnail","6":"product_cat-peitekreemid","8":"first","9":"instock","10":"taxable","11":"shipping-taxable","12":"purchasable","13":"product-type-variable"},"aioseo_notices":[],"_links":{"self":[{"href":"https:\/\/makeupatelier.ee\/pood\/wp-json\/wp\/v2\/product\/24618","targetHints":{"allow":["GET"]}}],"collection":[{"href":"https:\/\/makeupatelier.ee\/pood\/wp-json\/wp\/v2\/product"}],"about":[{"href":"https:\/\/makeupatelier.ee\/pood\/wp-json\/wp\/v2\/types\/product"}],"replies":[{"embeddable":true,"href":"https:\/\/makeupatelier.ee\/pood\/wp-json\/wp\/v2\/comments?post=24618"}],"wp:featuredmedia":[{"embeddable":true,"href":"https:\/\/makeupatelier.ee\/pood\/wp-json\/wp\/v2\/media\/25684"}],"wp:attachment":[{"href":"https:\/\/makeupatelier.ee\/pood\/wp-json\/wp\/v2\/media?parent=24618"}],"wp:term":[{"taxonomy":"product_cat","embeddable":true,"href":"https:\/\/makeupatelier.ee\/pood\/wp-json\/wp\/v2\/product_cat?post=24618"},{"taxonomy":"product_tag","embeddable":true,"href":"https:\/\/makeupatelier.ee\/pood\/wp-json\/wp\/v2\/product_tag?post=24618"}],"curies":[{"name":"wp","href":"https:\/\/api.w.org\/{rel}","templated":true}]}}