{"id":24613,"date":"2024-09-05T14:07:03","date_gmt":"2024-09-05T11:07:03","guid":{"rendered":"http:\/\/makeupatelier.ee\/pood\/product\/aqua-tonic\/"},"modified":"2025-07-22T15:05:47","modified_gmt":"2025-07-22T12:05:47","slug":"aqua-tonic","status":"publish","type":"product","link":"https:\/\/makeupatelier.ee\/pood\/product\/aqua-tonic\/","title":{"rendered":"Aqua Tonic"},"content":{"rendered":"","protected":false},"excerpt":{"rendered":"<p>Spreipihustiga, veep\u00f5hine hooldustoode s\u00e4rava naha jaoks. See on valmistatud 97% ulatuses mahep\u00f5llundusliku rohelise tee veest, mis on rikkalik tanniinide (pol\u00fcfenoolide) poolest, aidates v\u00f5idelda vabade radikaalide tootmise vastu, mis p\u00f5hjustavad naha vananemist. Pol\u00fcfenoolid parandavad mikrotsirkulatsiooni, stimuleerivad kollageeni tootmist ja aitavad \u00fchtlustada naha jumet, muutes selle s\u00e4ravamaks ja v\u00e4rskemaks. Rohelise tee ekstraktides sisalduv kofeiin aitab stimuleerib rakkude uuenemist, noorendab nahka ja aitab siluda kortse.<\/p>\n","protected":false},"featured_media":24612,"comment_status":"open","ping_status":"closed","template":"","meta":[],"product_cat":[213],"product_tag":[],"class_list":{"0":"post-24613","1":"product","2":"type-product","3":"status-publish","4":"has-post-thumbnail","6":"product_cat-praimerid","8":"first","9":"instock","10":"taxable","11":"shipping-taxable","12":"purchasable","13":"product-type-simple"},"aioseo_notices":[],"_links":{"self":[{"href":"https:\/\/makeupatelier.ee\/pood\/wp-json\/wp\/v2\/product\/24613","targetHints":{"allow":["GET"]}}],"collection":[{"href":"https:\/\/makeupatelier.ee\/pood\/wp-json\/wp\/v2\/product"}],"about":[{"href":"https:\/\/makeupatelier.ee\/pood\/wp-json\/wp\/v2\/types\/product"}],"replies":[{"embeddable":true,"href":"https:\/\/makeupatelier.ee\/pood\/wp-json\/wp\/v2\/comments?post=24613"}],"wp:featuredmedia":[{"embeddable":true,"href":"https:\/\/makeupatelier.ee\/pood\/wp-json\/wp\/v2\/media\/24612"}],"wp:attachment":[{"href":"https:\/\/makeupatelier.ee\/pood\/wp-json\/wp\/v2\/media?parent=24613"}],"wp:term":[{"taxonomy":"product_cat","embeddable":true,"href":"https:\/\/makeupatelier.ee\/pood\/wp-json\/wp\/v2\/product_cat?post=24613"},{"taxonomy":"product_tag","embeddable":true,"href":"https:\/\/makeupatelier.ee\/pood\/wp-json\/wp\/v2\/product_tag?post=24613"}],"curies":[{"name":"wp","href":"https:\/\/api.w.org\/{rel}","templated":true}]}}