{"id":24593,"date":"2024-09-05T14:06:54","date_gmt":"2024-09-05T11:06:54","guid":{"rendered":"http:\/\/makeupatelier.ee\/pood\/product\/5color-lauvarvipalett\/"},"modified":"2026-04-14T03:00:07","modified_gmt":"2026-04-14T00:00:07","slug":"5color-lauvarvipalett","status":"publish","type":"product","link":"https:\/\/makeupatelier.ee\/pood\/product\/5color-lauvarvipalett\/","title":{"rendered":"5color Lauv\u00e4rvipalett"},"content":{"rendered":"<p style=\"margin: 0px;font-size: 10.1px;line-height: normal;font-family: Arial\">TALC, MAGNESIUM STEARATE, CYCLOMETHICONE, DIMETHICONE, PARAFFINUM LIQUIDUM, HYDROGENATED POLYISOBUTENE, BENZYL ALCOHOL, DEHYDROACETIC ACID. (+\/-) PEUT CONTENIR\/MAY CONTAIN: TITANIUM DIOXIDE (CI 77891), IRON OXIDES (CI 77492, CI 77491, CI 77499), CARMINE (CI 75470), CHROMIUM HYDROXIDE GREEN (CI 77289), CHROMIUM OXIDE GREENS (CI 77288), ULTRAMARINES (CI 77007), BLUE 1 LAKE (CI 42090), YELLOW 5 LAKE (CI 19140), FERRIC FERROCYANIDE (CI 77510), BISMUTH OXYCHLORIDE (CI 77163), MANGANESE VIOLET (CI 77742), YELLOW 6 LAKE (CI 15985). NOT TESTED ON ANIMALS<\/p>\n","protected":false},"excerpt":{"rendered":"<p>Lauv\u00e4rvipalett mattide, s\u00e4delevate ning p\u00e4rlmutter toonidega.<\/p>\n<p>Paletis on intensiivsed k\u00f5rge pigmentatsiooniga, silikoonip\u00f5hised v\u00e4rvid, mille abil saavutate kauap\u00fcsiva veekindla jumestuse. V\u00e4rv j\u00e4tab nahale elastse kihi, et p\u00fcsida lau liikuval osal. Lauv\u00e4rvid sobivad kauap\u00fcsiva jumestuse, n\u00e4iteks foto-, teari- ja filmi- ning pruudimeigi, tegemiseks.<br \/>\nTooted koodiga T03S ja T30 viimane toon paletis on cake-lainer, mis on  m\u00e4rjalt kui ka kuivalt kasutatav.<\/p>\n<p>10 g<\/p>\n","protected":false},"featured_media":25658,"comment_status":"open","ping_status":"closed","template":"","meta":[],"product_cat":[197],"product_tag":[],"class_list":{"0":"post-24593","1":"product","2":"type-product","3":"status-publish","4":"has-post-thumbnail","6":"product_cat-lauvarvid","8":"first","9":"instock","10":"sale","11":"taxable","12":"shipping-taxable","13":"purchasable","14":"product-type-variable"},"aioseo_notices":[],"_links":{"self":[{"href":"https:\/\/makeupatelier.ee\/pood\/wp-json\/wp\/v2\/product\/24593","targetHints":{"allow":["GET"]}}],"collection":[{"href":"https:\/\/makeupatelier.ee\/pood\/wp-json\/wp\/v2\/product"}],"about":[{"href":"https:\/\/makeupatelier.ee\/pood\/wp-json\/wp\/v2\/types\/product"}],"replies":[{"embeddable":true,"href":"https:\/\/makeupatelier.ee\/pood\/wp-json\/wp\/v2\/comments?post=24593"}],"wp:featuredmedia":[{"embeddable":true,"href":"https:\/\/makeupatelier.ee\/pood\/wp-json\/wp\/v2\/media\/25658"}],"wp:attachment":[{"href":"https:\/\/makeupatelier.ee\/pood\/wp-json\/wp\/v2\/media?parent=24593"}],"wp:term":[{"taxonomy":"product_cat","embeddable":true,"href":"https:\/\/makeupatelier.ee\/pood\/wp-json\/wp\/v2\/product_cat?post=24593"},{"taxonomy":"product_tag","embeddable":true,"href":"https:\/\/makeupatelier.ee\/pood\/wp-json\/wp\/v2\/product_tag?post=24593"}],"curies":[{"name":"wp","href":"https:\/\/api.w.org\/{rel}","templated":true}]}}