{"id":24586,"date":"2024-09-05T14:06:50","date_gmt":"2024-09-05T11:06:50","guid":{"rendered":"http:\/\/makeupatelier.ee\/pood\/product\/parlpuuder\/"},"modified":"2026-05-01T03:00:42","modified_gmt":"2026-05-01T00:00:42","slug":"parlpuuder","status":"publish","type":"product","link":"https:\/\/makeupatelier.ee\/pood\/product\/parlpuuder\/","title":{"rendered":"P\u00e4rlpuuder"},"content":{"rendered":"<p style=\"margin: 0px;font-size: 10.1px;line-height: normal;font-family: Arial\">MICA (CI 77019) (+\/-) PEUT CONTENIR \/MAY CONTAIN: TITANIUM DIOXIDE (CI 77891), IRON OXIDES (CI 77492, CI 77491, CI 77499), CARMINE (CI 75470), CHROMIUM HYDROXIDE GREEN (CI 77289), CHROMIUM OXIDE GREENS (CI 77288), ULTRAMARINES (CI 77007), BLUE 1 LAKE (CI 42090), YELLOW 5 LAKE (CI 19140), FERRIC FERROCYANIDE (CI 77510), BISMUTH OXYCHLORIDE (CI 77163), MANGANESE VIOLET (CI 77742). YELLOW 6 LAKE (CI 15985). NOT TESTED ON ANIMALS.<\/p>\n","protected":false},"excerpt":{"rendered":"<p>S\u00fcnteetiline Mica e. vilgukivi. Tugeva katvusega p\u00e4rlpuuder, mis j\u00e4tab nahale s\u00e4rava efekti. On kauap\u00fcsiv ja sobib ideaalselt silmadele ja huultele. <\/p>\n","protected":false},"featured_media":24585,"comment_status":"open","ping_status":"closed","template":"","meta":[],"product_cat":[200],"product_tag":[],"class_list":{"0":"post-24586","1":"product","2":"type-product","3":"status-publish","4":"has-post-thumbnail","6":"product_cat-sadelused","8":"first","9":"instock","10":"taxable","11":"shipping-taxable","12":"purchasable","13":"product-type-variable"},"aioseo_notices":[],"_links":{"self":[{"href":"https:\/\/makeupatelier.ee\/pood\/wp-json\/wp\/v2\/product\/24586","targetHints":{"allow":["GET"]}}],"collection":[{"href":"https:\/\/makeupatelier.ee\/pood\/wp-json\/wp\/v2\/product"}],"about":[{"href":"https:\/\/makeupatelier.ee\/pood\/wp-json\/wp\/v2\/types\/product"}],"replies":[{"embeddable":true,"href":"https:\/\/makeupatelier.ee\/pood\/wp-json\/wp\/v2\/comments?post=24586"}],"wp:featuredmedia":[{"embeddable":true,"href":"https:\/\/makeupatelier.ee\/pood\/wp-json\/wp\/v2\/media\/24585"}],"wp:attachment":[{"href":"https:\/\/makeupatelier.ee\/pood\/wp-json\/wp\/v2\/media?parent=24586"}],"wp:term":[{"taxonomy":"product_cat","embeddable":true,"href":"https:\/\/makeupatelier.ee\/pood\/wp-json\/wp\/v2\/product_cat?post=24586"},{"taxonomy":"product_tag","embeddable":true,"href":"https:\/\/makeupatelier.ee\/pood\/wp-json\/wp\/v2\/product_tag?post=24586"}],"curies":[{"name":"wp","href":"https:\/\/api.w.org\/{rel}","templated":true}]}}