{"id":24582,"date":"2024-09-05T14:06:49","date_gmt":"2024-09-05T11:06:49","guid":{"rendered":"http:\/\/makeupatelier.ee\/pood\/product\/fluid-concealer-iconique\/"},"modified":"2026-03-04T12:23:19","modified_gmt":"2026-03-04T10:23:19","slug":"fluid-concealer-iconique","status":"publish","type":"product","link":"https:\/\/makeupatelier.ee\/pood\/product\/fluid-concealer-iconique\/","title":{"rendered":"FLUID CONCEALER ICONIQUE"},"content":{"rendered":"","protected":false},"excerpt":{"rendered":"<p>K\u00f5rge katvusega vedel peitekreem ilma raskustundeta, vastupidav vee, higi ja rasu suhtes. Pehmendav koostis aitab s\u00e4ilitada silma\u00fcmbruse tundliku naha niisutust.<br \/>\nValgust peegeldavad pigmendid peidavad koheselt v\u00e4simusm\u00e4rgid ja loovad \u201esoft focus\u201c efekti, mis hajutab peened jooned ning j\u00e4tab jume v\u00e4rske, s\u00e4rava ja loomuliku.<br \/>\nSilub s\u00fcgavamaid kortse, miimikakurde ja peeneid jooni ka huulepiirkonnas.<br \/>\nP\u00fcsivus kuni 12 tundi. Dermatoloogiliselt testitud.<br \/>\nNiisutab epidermise pealmisi kihte.<\/p>\n","protected":false},"featured_media":24581,"comment_status":"open","ping_status":"closed","template":"","meta":[],"product_cat":[194],"product_tag":[],"class_list":{"0":"post-24582","1":"product","2":"type-product","3":"status-publish","4":"has-post-thumbnail","6":"product_cat-peitekreemid","8":"first","9":"instock","10":"taxable","11":"shipping-taxable","12":"purchasable","13":"product-type-variable"},"aioseo_notices":[],"_links":{"self":[{"href":"https:\/\/makeupatelier.ee\/pood\/wp-json\/wp\/v2\/product\/24582","targetHints":{"allow":["GET"]}}],"collection":[{"href":"https:\/\/makeupatelier.ee\/pood\/wp-json\/wp\/v2\/product"}],"about":[{"href":"https:\/\/makeupatelier.ee\/pood\/wp-json\/wp\/v2\/types\/product"}],"replies":[{"embeddable":true,"href":"https:\/\/makeupatelier.ee\/pood\/wp-json\/wp\/v2\/comments?post=24582"}],"wp:featuredmedia":[{"embeddable":true,"href":"https:\/\/makeupatelier.ee\/pood\/wp-json\/wp\/v2\/media\/24581"}],"wp:attachment":[{"href":"https:\/\/makeupatelier.ee\/pood\/wp-json\/wp\/v2\/media?parent=24582"}],"wp:term":[{"taxonomy":"product_cat","embeddable":true,"href":"https:\/\/makeupatelier.ee\/pood\/wp-json\/wp\/v2\/product_cat?post=24582"},{"taxonomy":"product_tag","embeddable":true,"href":"https:\/\/makeupatelier.ee\/pood\/wp-json\/wp\/v2\/product_tag?post=24582"}],"curies":[{"name":"wp","href":"https:\/\/api.w.org\/{rel}","templated":true}]}}